{"id":3973,"date":"2025-02-21T10:28:42","date_gmt":"2025-02-21T13:28:42","guid":{"rendered":"https:\/\/www.iimyc.gob.ar\/iimyc\/?page_id=3973"},"modified":"2025-04-15T11:31:09","modified_gmt":"2025-04-15T14:31:09","slug":"publicadas","status":"publish","type":"page","link":"https:\/\/www.iimyc.gob.ar\/iimyc\/es\/colecciones\/publicadas\/","title":{"rendered":"Colecciones Publicadas"},"content":{"rendered":"<div class=\"fusion-fullwidth fullwidth-box fusion-builder-row-1 fusion-flex-container has-pattern-background has-mask-background nonhundred-percent-fullwidth non-hundred-percent-height-scrolling\" style=\"--awb-border-radius-top-left:0px;--awb-border-radius-top-right:0px;--awb-border-radius-bottom-right:0px;--awb-border-radius-bottom-left:0px;--awb-flex-wrap:wrap;\" ><div class=\"fusion-builder-row fusion-row fusion-flex-align-items-flex-start fusion-flex-content-wrap\" style=\"max-width:1206.4px;margin-left: calc(-4% \/ 2 );margin-right: calc(-4% \/ 2 );\"><div class=\"fusion-layout-column fusion_builder_column fusion-builder-column-0 fusion_builder_column_1_1 1_1 fusion-flex-column\" style=\"--awb-bg-size:cover;--awb-width-large:100%;--awb-margin-top-large:0px;--awb-spacing-right-large:1.92%;--awb-margin-bottom-large:20px;--awb-spacing-left-large:1.92%;--awb-width-medium:100%;--awb-order-medium:0;--awb-spacing-right-medium:1.92%;--awb-spacing-left-medium:1.92%;--awb-width-small:100%;--awb-order-small:0;--awb-spacing-right-small:1.92%;--awb-spacing-left-small:1.92%;\"><div class=\"fusion-column-wrapper fusion-column-has-shadow fusion-flex-justify-content-flex-start fusion-content-layout-column\"><div class=\"accordian fusion-accordian\" style=\"--awb-border-size:1px;--awb-icon-size:13px;--awb-content-font-size:15px;--awb-icon-alignment:left;--awb-hover-color:#f9f9f9;--awb-border-color:#cccccc;--awb-background-color:#ffffff;--awb-divider-color:#e0dede;--awb-divider-hover-color:#e0dede;--awb-icon-color:#ffffff;--awb-title-color:#0232f4;--awb-content-color:#0a0a0a;--awb-icon-box-color:#333333;--awb-toggle-hover-accent-color:#0064c8;--awb-title-font-family:Verdana, Geneva, sans-serif;--awb-title-font-weight:400;--awb-title-font-style:normal;--awb-content-font-family:&quot;PT Sans&quot;;--awb-content-font-style:normal;--awb-content-font-weight:400;\"><div class=\"panel-group fusion-toggle-icon-boxed\" id=\"accordion-3973-1\"><div class=\"fusion-panel panel-default panel-219b255996578314b fusion-toggle-has-divider\" style=\"--awb-title-color:#0232f4;--awb-content-color:#0a0a0a;\"><div class=\"panel-heading\"><h4 class=\"panel-title toggle\" id=\"toggle_219b255996578314b\"><a class=\"active\" aria-expanded=\"true\" aria-controls=\"219b255996578314b\" role=\"button\" data-toggle=\"collapse\" data-parent=\"#accordion-3973-1\" data-target=\"#219b255996578314b\" href=\"#219b255996578314b\"><span class=\"fusion-toggle-icon-wrapper\" aria-hidden=\"true\"><i class=\"fa-fusion-box active-icon awb-icon-minus\" aria-hidden=\"true\"><\/i><i class=\"fa-fusion-box inactive-icon awb-icon-plus\" aria-hidden=\"true\"><\/i><\/span><span class=\"fusion-toggle-heading\">Historia<\/span><\/a><\/h4><\/div><div id=\"219b255996578314b\" class=\"panel-collapse collapse in\" aria-labelledby=\"toggle_219b255996578314b\"><div class=\"panel-body toggle-content fusion-clearfix\">Las colecciones biol\u00f3gicas son tradicionalmente vistas como repositorios de organismos o partes de ellos, pero en el sentido amplio, representan un acervo acumulativo de conocimiento generado a lo largo del tiempo, ofreciendo un panorama geogr\u00e1fico y temporal integral. Su importancia radica en que son fuente de documentaci\u00f3n y conservaci\u00f3n de la biodiversidad, de investigaci\u00f3n y referencia cient\u00edfica, de monitoreo del cambio ambiental, de fuentes de material gen\u00e9tico y para la educaci\u00f3n ambiental.<\/p>\n<p>El Instituto de Investigaciones Marinas y Costeras (IIMyC, CONICETUNMdP\/FCEyN), al 2025 cuenta con 9 colecciones biol\u00f3gicas establecidas, como Decapoda (Arthropoda); Crustacea (Arthropoda); Cirripedia (Arthropoda); 2 colecciones de Peces (marinos, estuariales y dulceacu\u00edcolas); Anthozoa (Cnidaria); Medusozoa (Cnidaria); Polychaeta (Annelida); Plantas vasculares, Algas y Bri\u00f3fitas,con cobertura a nivel local, regional y nacional reflejando la especializaci\u00f3n de los grupos de investigaci\u00f3n del IIMyC. La primera colecci\u00f3n se estableci\u00f3 en 1970 con plantas vasculares, y la m\u00e1s reciente, de poliquetos, se conform\u00f3 en 2022. En la actualidad muchas de las colecciones tienen sus datos digitalizados y publicados en diversos portales internacionales, nacionales y locales, tales como GBIF, OBIS, RI del CONICET, web del IIMyC, entre otros.<\/p>\n<p>El IIMyC cuenta con una comisi\u00f3n coordinadora cuya funci\u00f3n es la de nuclear y coordinar el proceso de carga de datos de las distintas colecciones, orient\u00e1ndolos en el curado para publicar y cumplir con los est\u00e1ndares de datos de biodiversidad en diferentes portales; formular protocolos de carga adaptados a cada colecci\u00f3n; asesorar con la digitalizaci\u00f3n, en cuanto a las herramientas inform\u00e1ticas utilizadas; a organizar, catalogar, etiquetar y almacenar las colecciones para su curator\u00eda; promover el resguardo y la importancia de la visibilizaci\u00f3n de las colecciones a nivel institucional y de investigaci\u00f3n cient\u00edfica de manera de afianzar con ello la importancia de la conservaci\u00f3n de la biodiversidad y evitar la p\u00e9rdida de la misma.<br \/>\n<strong>Contacto<\/strong>: <a href=\"mailto:comisioncoleccionesiimyc@gmail.com\">comisioncoleccionesiimyc@gmail.com<\/a><\/div><\/div><\/div><div class=\"fusion-panel panel-default panel-f7ef9f7db4145cb11 fusion-toggle-has-divider\" style=\"--awb-title-color:#0232f4;--awb-content-color:#0a0a0a;\"><div class=\"panel-heading\"><h4 class=\"panel-title toggle\" id=\"toggle_f7ef9f7db4145cb11\"><a aria-expanded=\"false\" aria-controls=\"f7ef9f7db4145cb11\" role=\"button\" data-toggle=\"collapse\" data-parent=\"#accordion-3973-1\" data-target=\"#f7ef9f7db4145cb11\" href=\"#f7ef9f7db4145cb11\"><span class=\"fusion-toggle-icon-wrapper\" aria-hidden=\"true\"><i class=\"fa-fusion-box active-icon awb-icon-minus\" aria-hidden=\"true\"><\/i><i class=\"fa-fusion-box inactive-icon awb-icon-plus\" aria-hidden=\"true\"><\/i><\/span><span class=\"fusion-toggle-heading\">Colecciones del IIMyC<\/span><\/a><\/h4><\/div><div id=\"f7ef9f7db4145cb11\" class=\"panel-collapse collapse \" aria-labelledby=\"toggle_f7ef9f7db4145cb11\"><div class=\"panel-body toggle-content fusion-clearfix\"><iframe style=\"border: none;\" src=\"https:\/\/www.iimyc.gob.ar\/iimyc\/wp-content\/uploads\/2025\/02\/BER.Poster-Colecciones-2024-version-final.pdf\" width=\"100%\" height=\"1200px\"><span data-mce-type=\"bookmark\" style=\"display: inline-block; width: 0px; overflow: hidden; line-height: 0;\" class=\"mce_SELRES_start\">\ufeff<\/span><span data-mce-type=\"bookmark\" style=\"display: inline-block; width: 0px; overflow: hidden; line-height: 0;\" class=\"mce_SELRES_start\">\ufeff<\/span><span data-mce-type=\"bookmark\" style=\"display: inline-block; width: 0px; overflow: hidden; line-height: 0;\" class=\"mce_SELRES_start\">\ufeff<\/span><\/iframe><\/div><\/div><\/div><\/div><\/div><ul style=\"--awb-line-height:23.8px;--awb-icon-width:23.8px;--awb-icon-height:23.8px;--awb-icon-margin:9.8px;--awb-content-margin:33.6px;--awb-circlecolor:#5896e8;--awb-circle-yes-font-size:12.32px;\" class=\"fusion-checklist fusion-checklist-1 fusion-checklist-default type-icons\"><li class=\"fusion-li-item\" style=\"\"><span class=\"icon-wrapper circle-yes\"><i class=\"fusion-li-icon fa-angle-right fas\" aria-hidden=\"true\"><\/i><\/span><div class=\"fusion-li-item-content\">\n<p><a href=\"https:\/\/www.gbif.org\/es\/dataset\/2276fa28-814c-4d9d-b620-7b13d5ea99eb\"><b>2022<\/b>: DecASO: Decapod Crustaceans of the Southwestern Atlantic Ocean<\/a><\/p>\n<\/div><\/li><li class=\"fusion-li-item\" style=\"\"><span class=\"icon-wrapper circle-yes\"><i class=\"fusion-li-icon fa-angle-right fas\" aria-hidden=\"true\"><\/i><\/span><div class=\"fusion-li-item-content\"><a href=\"https:\/\/www.gbif.org\/es\/dataset\/ba0ee0f1-9dc1-486e-b465-22c9839f9088\"><b>2024<\/b>:Base de datos de muestreos poblacionales de Neohelice granulata (Crustacea, Decapoda) en la Costa Atl\u00e1ntica argentina.<\/a><\/div><\/li><li class=\"fusion-li-item\" style=\"\"><span class=\"icon-wrapper circle-yes\"><i class=\"fusion-li-icon fa-angle-right fas\" aria-hidden=\"true\"><\/i><\/span><div class=\"fusion-li-item-content\"><a href=\"https:\/\/www.gbif.org\/es\/dataset\/679af940-5395-4323-8d23-2b1e6aa7ef8e\"><b>2025:\u00a0<\/b>Colecci\u00f3n de Antozoos del Atl\u00e1ntico Sur<\/a><\/div><\/li><li class=\"fusion-li-item\" style=\"\"><span class=\"icon-wrapper circle-yes\"><i class=\"fusion-li-icon fa-angle-right fas\" aria-hidden=\"true\"><\/i><\/span><div class=\"fusion-li-item-content\"><a href=\"https:\/\/www.gbif.org\/es\/dataset\/fd7f9a48-0712-4a5d-8428-17cc6935f869\"><b>2025:\u00a0<\/b>Colecci\u00f3n de Peces Marinos del Instituto de Investigaciones Marinas y Costeras (IIMyC, UNMdP-CONICET\/FCEyN)<\/a><\/div><\/li><\/ul><\/div><\/div><\/div><\/div>\n","protected":false},"excerpt":{"rendered":"","protected":false},"author":1,"featured_media":0,"parent":5001,"menu_order":0,"comment_status":"closed","ping_status":"closed","template":"","meta":{"footnotes":""},"class_list":["post-3973","page","type-page","status-publish","hentry"],"_links":{"self":[{"href":"https:\/\/www.iimyc.gob.ar\/iimyc\/wp-json\/wp\/v2\/pages\/3973","targetHints":{"allow":["GET"]}}],"collection":[{"href":"https:\/\/www.iimyc.gob.ar\/iimyc\/wp-json\/wp\/v2\/pages"}],"about":[{"href":"https:\/\/www.iimyc.gob.ar\/iimyc\/wp-json\/wp\/v2\/types\/page"}],"author":[{"embeddable":true,"href":"https:\/\/www.iimyc.gob.ar\/iimyc\/wp-json\/wp\/v2\/users\/1"}],"replies":[{"embeddable":true,"href":"https:\/\/www.iimyc.gob.ar\/iimyc\/wp-json\/wp\/v2\/comments?post=3973"}],"version-history":[{"count":12,"href":"https:\/\/www.iimyc.gob.ar\/iimyc\/wp-json\/wp\/v2\/pages\/3973\/revisions"}],"predecessor-version":[{"id":6053,"href":"https:\/\/www.iimyc.gob.ar\/iimyc\/wp-json\/wp\/v2\/pages\/3973\/revisions\/6053"}],"up":[{"embeddable":true,"href":"https:\/\/www.iimyc.gob.ar\/iimyc\/wp-json\/wp\/v2\/pages\/5001"}],"wp:attachment":[{"href":"https:\/\/www.iimyc.gob.ar\/iimyc\/wp-json\/wp\/v2\/media?parent=3973"}],"curies":[{"name":"wp","href":"https:\/\/api.w.org\/{rel}","templated":true}]}}