{"id":41,"date":"2017-03-21T14:26:38","date_gmt":"2017-03-21T14:26:38","guid":{"rendered":"http:\/\/www.iimyc.gob.ar\/iimyc\/?page_id=41"},"modified":"2024-10-01T20:36:27","modified_gmt":"2024-10-01T23:36:27","slug":"institucional","status":"publish","type":"page","link":"https:\/\/www.iimyc.gob.ar\/iimyc\/es\/institucional\/","title":{"rendered":"Institucional"},"content":{"rendered":"<p><div class=\"fusion-fullwidth fullwidth-box fusion-builder-row-1 nonhundred-percent-fullwidth non-hundred-percent-height-scrolling\" style=\"--awb-border-radius-top-left:0px;--awb-border-radius-top-right:0px;--awb-border-radius-bottom-right:0px;--awb-border-radius-bottom-left:0px;--awb-flex-wrap:wrap;\" ><div class=\"fusion-builder-row fusion-row\"><div class=\"fusion-layout-column fusion_builder_column fusion-builder-column-0 fusion_builder_column_1_1 1_1 fusion-one-full fusion-column-first fusion-column-last\" style=\"--awb-bg-size:cover;\"><div class=\"fusion-column-wrapper fusion-flex-column-wrapper-legacy\"><br><div class=\"fusion-tabs fusion-tabs-1 classic nav-is-justified horizontal-tabs icon-position-left mobile-mode-accordion\" style=\"--awb-title-border-radius-top-left:0px;--awb-title-border-radius-top-right:0px;--awb-title-border-radius-bottom-right:0px;--awb-title-border-radius-bottom-left:0px;--awb-inactive-color:#f2f2f2;--awb-background-color:#ffffff;--awb-border-color:#000000;--awb-active-border-color:#0064c8;\"><div class=\"nav\"><ul class=\"nav-tabs nav-justified\" role=\"tablist\" aria-orientation=\"horizontal\"><li class=\"active\" role=\"presentation\"><a class=\"tab-link\" data-toggle=\"tab\" role=\"tab\" aria-controls=\"tab-16400b5ff11d74697be\" aria-selected=\"true\" tabindex=\"0\" id=\"fusion-tab-16400b5ff11d74697be\" href=\"#tab-16400b5ff11d74697be\"><h4 class=\"fusion-tab-heading\">Contexto General<\/h4><\/a><\/li><li  role=\"presentation\"><a class=\"tab-link\" data-toggle=\"tab\" role=\"tab\" aria-controls=\"tab-0cd8d8ffda3d47eb5e6\" aria-selected=\"false\" tabindex=\"-1\" id=\"fusion-tab-0cd8d8ffda3d47eb5e6\" href=\"#tab-0cd8d8ffda3d47eb5e6\"><h4 class=\"fusion-tab-heading\">Objetivos Cient\u00edficos<\/h4><\/a><\/li><li  role=\"presentation\"><a class=\"tab-link\" data-toggle=\"tab\" role=\"tab\" aria-controls=\"tab-907a2b0551a13f23007\" aria-selected=\"false\" tabindex=\"-1\" id=\"fusion-tab-907a2b0551a13f23007\" href=\"#tab-907a2b0551a13f23007\"><h4 class=\"fusion-tab-heading\">Sistemas de estudio<\/h4><\/a><\/li><li  role=\"presentation\"><a class=\"tab-link\" data-toggle=\"tab\" role=\"tab\" aria-controls=\"tab-35426852b5d750b49bd\" aria-selected=\"false\" tabindex=\"-1\" id=\"fusion-tab-35426852b5d750b49bd\" href=\"#tab-35426852b5d750b49bd\"><h4 class=\"fusion-tab-heading\">Estado actual<\/h4><\/a><\/li><\/ul><\/div><div class=\"tab-content\"><div class=\"nav fusion-mobile-tab-nav\"><ul class=\"nav-tabs nav-justified\" role=\"tablist\" aria-orientation=\"horizontal\"><li class=\"active\" role=\"presentation\"><a class=\"tab-link\" data-toggle=\"tab\" role=\"tab\" aria-controls=\"tab-16400b5ff11d74697be\" aria-selected=\"true\" tabindex=\"0\" id=\"mobile-fusion-tab-16400b5ff11d74697be\" href=\"#tab-16400b5ff11d74697be\"><h4 class=\"fusion-tab-heading\">Contexto General<\/h4><\/a><\/li><\/ul><\/div><div class=\"tab-pane fade fusion-clearfix in active\" role=\"tabpanel\" tabindex=\"0\" aria-labelledby=\"fusion-tab-16400b5ff11d74697be\" id=\"tab-16400b5ff11d74697be\">\n<p>Este es un Instituto de investigaciones de doble dependencia, entre la Universidad Nacional de Mar del Plata (UNMDP) y el Consejo Nacional de Investigaciones Cient\u00edficas y T\u00e9cnicas (CONICET) bajo la figura de Unidad Ejecutora. Este centro est\u00e1 orientado principalmente a investigaciones cient\u00edficas y formaci\u00f3n de recursos humanos de postgrado en \u00e1reas de importancia de la ecolog\u00eda marina y de ambientes costeros.<br \/>\nEsencialmente re\u00fane dentro de una misma estructura una serie de grupos de investigaci\u00f3n que tienen una importante historia de interacciones acad\u00e9micas (proyectos y subsidios en com\u00fan, y direcci\u00f3n conjunta de tesistas y becarios) y de objetivos compartidos o relacionados que los vinculan.<br \/>\nEn t\u00e9rminos de investigaci\u00f3n, propone un programa marco que es complementario de las actividades que hoy se realizan en otras instituciones de investigaci\u00f3n aplicada, pero reforzando fuertemente el v\u00ednculo entre \u00e9stas y la Universidad, de manera de impulsar el desarrollo de \u00e1reas de investigaci\u00f3n que debido a sus objetivos no pueden ser cubiertas por las instituciones que desarrollan tem\u00e1ticas de car\u00e1cter aplicado.<br \/>\nEn los aspectos de formaci\u00f3n de recursos humanos tiene una activa incorporaci\u00f3n de Becarios Doctorales y Postdoctorales, y colabora en la generaci\u00f3n de una oferta estable de cursos de postgrado de la FCEyN-UNMDP. En ese sentido los investigadores de este instituto son claves en generar un programa de cursos predecibles y de excelencia acad\u00e9mica.<br \/>\nDe esta manera el IIMyC se constituye como un instituto de excelencia acad\u00e9mica, con un fuerte \u00e9nfasis en investigaci\u00f3n y formaci\u00f3n de recursos humanos en ecolog\u00eda marina y costera.<\/p>\n<\/div><div class=\"nav fusion-mobile-tab-nav\"><ul class=\"nav-tabs nav-justified\" role=\"tablist\" aria-orientation=\"horizontal\"><li  role=\"presentation\"><a class=\"tab-link\" data-toggle=\"tab\" role=\"tab\" aria-controls=\"tab-0cd8d8ffda3d47eb5e6\" aria-selected=\"false\" tabindex=\"-1\" id=\"mobile-fusion-tab-0cd8d8ffda3d47eb5e6\" href=\"#tab-0cd8d8ffda3d47eb5e6\"><h4 class=\"fusion-tab-heading\">Objetivos Cient\u00edficos<\/h4><\/a><\/li><\/ul><\/div><div class=\"tab-pane fade fusion-clearfix\" role=\"tabpanel\" tabindex=\"0\" aria-labelledby=\"fusion-tab-0cd8d8ffda3d47eb5e6\" id=\"tab-0cd8d8ffda3d47eb5e6\">\n<p>El principal objetivo de este Instituto es estudiar la importancia de los ecosistemas de interfaz (marismas, \u00e1reas costeras -dunas, intermareales- y frentes marinos) del Mar Argentino, y sus cuencas relacionadas. La plataforma continental puede concebirse, a la escala del paisaje, como formada por parches de diferentes masas de agua, que definen diferentes tipos de interfaces en la zona de contacto de dos o m\u00e1s de ellas. Estas interfaces pueden variar en escala temporal y geogr\u00e1fica, y en sus caracter\u00edsticas fisico-qu\u00edmicas, oceanogr\u00e1ficas y biol\u00f3gicas. Adem\u00e1s de esto, la interfaz continente-oc\u00e9ano resulta un componente altamente complejo y de suma importancia ecol\u00f3gica, tanto sea por s\u00ed misma como por su interacci\u00f3n con el oc\u00e9ano lindante.<br \/>\nEntender los procesos que ocurren en la interfaz tierra-oc\u00e9ano constituye un desaf\u00edo pues es necesario cambiar la concepci\u00f3n cl\u00e1sica que supone que cada bioma necesita o posee conceptos te\u00f3ricos propios. Sin embargo, tales conocimientos pueden transferirse y\/o conectarse exitosamente, como as\u00ed tambi\u00e9n pueden surgir nuevos conceptos. Este proceso genera un avance en la comprensi\u00f3n general del funcionamiento de los biomas, bajo una perspectiva novedosa. El \u00e1mbito de investigaci\u00f3n de este instituto promueve el desarrollo de concepciones te\u00f3ricas facilitando el progreso en el conocimiento de ambos sistemas y sus interacciones.<\/p>\n<\/div><div class=\"nav fusion-mobile-tab-nav\"><ul class=\"nav-tabs nav-justified\" role=\"tablist\" aria-orientation=\"horizontal\"><li  role=\"presentation\"><a class=\"tab-link\" data-toggle=\"tab\" role=\"tab\" aria-controls=\"tab-907a2b0551a13f23007\" aria-selected=\"false\" tabindex=\"-1\" id=\"mobile-fusion-tab-907a2b0551a13f23007\" href=\"#tab-907a2b0551a13f23007\"><h4 class=\"fusion-tab-heading\">Sistemas de estudio<\/h4><\/a><\/li><\/ul><\/div><div class=\"tab-pane fade fusion-clearfix\" role=\"tabpanel\" tabindex=\"0\" aria-labelledby=\"fusion-tab-907a2b0551a13f23007\" id=\"tab-907a2b0551a13f23007\">\n<p>La zona costera es un sistema ambiental formado en el \u00e1rea de interacci\u00f3n directa entre componentes del continente, del oc\u00e9ano y de la atm\u00f3sfera. Sus caracter\u00edsticas naturales incluyen playas, humedales costeros, estuarios, lagunas y dunas. Estas interfaces son muy importantes en t\u00e9rminos de transferencia de materia y energ\u00eda hacia y desde el mar.<br \/>\nLas marismas y sus planicies de marea son unos de los ecosistemas de interfaz m\u00e1s destacados debido a su diversidad biol\u00f3gica, como tambi\u00e9n por ser \u00e1reas de cr\u00eda y reproducci\u00f3n de numerosos peces y \u00e1reas de alimentaci\u00f3n para aves migratorias. La producci\u00f3n primaria es alta y la transferencia de esta producci\u00f3n a los consumidores lleva a afectar procesos en ambientes lindantes, muchas veces sustentando las tramas tr\u00f3ficas de estuarios y bah\u00edas. Las marismas tambi\u00e9n son muy eficientes entrampando di\u00f3xido carbono que de otra manera estar\u00eda en la atm\u00f3sfera. En algunos casos las plantas de marismas costeras tienen un rol fundamental, en otros son m\u00e1s importantes las microalgas bent\u00f3nicas o las algas y el fitoplancton de las planicies de marea. Conocer la importancia relativa de estos ecosistemas es necesario para establecer pautas referidas a manejo ambiental, desarrollo urbano y conservaci\u00f3n, ya que un deterioro de estas \u00e1reas podr\u00eda tener un efecto en cascada perjudicando a toda la trama tr\u00f3fica estuarial. Las dunas costeras son otro tipo de ecosistemas de interfaz que se ubican en la frontera tierra-mar. Constituyen un ambiente de transici\u00f3n, donde la influencia marina decrece hacia el continente generando un importante gradiente ambiental (tales como salinidad y efecto de vientos). Comprender el rol de la influencia marina en la din\u00e1mica de los ecosistemas terrestres resulta de creciente inter\u00e9s si se consideran los registros existentes que muestran aumentos paulatinos en el nivel del mar. El uso de estas tierras incluye instalaciones urbanas, actividades forestales, ganader\u00eda, turismo y recreaci\u00f3n. Como consecuencia, las actividades tur\u00edsticas no reguladas, el sobre-pastoreo, las plantaciones forestales y la explotaci\u00f3n de arena constituyen las principales amenazas sobre este ambiente.<br \/>\nLas cuencas hidrogr\u00e1ficas constituyen sistemas naturales de gran inter\u00e9s en s\u00ed mismos y desde el punto de vista de su integraci\u00f3n con ambientes de interfaz. El origen de las cuencas y su composici\u00f3n geol\u00f3gica determinan, en primera instancia, las caracter\u00edsticas f\u00edsico-qu\u00edmicas de las mismas, manifestando su influencia sobre la biodiversidad vegetal y animal. Adem\u00e1s, el uso de la tierra y el desgaste natural de los terrenos aleda\u00f1os tienen impactos importantes tanto en la disponibilidad como en la calidad de los recursos h\u00eddricos. Las cuencas hidrogr\u00e1ficas como sistemas naturales re\u00fanen condiciones apropiadas para su estudio particular constituyendo un nexo relevante con el ambiente marino directo, brindando informaci\u00f3n sobre sus fuentes terrestres.<br \/>\nLos frentes oce\u00e1nicos son sin dudas los otros ecosistemas de interfaz importantes en los ambientes marinos. En el oc\u00e9ano, las propiedades del agua no var\u00edan gradualmente con la distancia. Existen grandes extensiones en las cuales las variaciones horizontales de temperatura y salinidad son muy peque\u00f1as, bordeadas por regiones angostas donde los cambios horizontales son extremadamente bruscos. Estas bandas delgadas se denominan frentes. Los frentes deben ser vistos como parte de la complejidad estructural del oc\u00e9ano a la escala del paisaje. Es un hecho bien establecido que son regiones de alta producci\u00f3n primaria y acrecentada actividad tr\u00f3fica a niveles superiores.<\/p>\n<\/div><div class=\"nav fusion-mobile-tab-nav\"><ul class=\"nav-tabs nav-justified\" role=\"tablist\" aria-orientation=\"horizontal\"><li  role=\"presentation\"><a class=\"tab-link\" data-toggle=\"tab\" role=\"tab\" aria-controls=\"tab-35426852b5d750b49bd\" aria-selected=\"false\" tabindex=\"-1\" id=\"mobile-fusion-tab-35426852b5d750b49bd\" href=\"#tab-35426852b5d750b49bd\"><h4 class=\"fusion-tab-heading\">Estado actual<\/h4><\/a><\/li><\/ul><\/div><div class=\"tab-pane fade fusion-clearfix\" role=\"tabpanel\" tabindex=\"0\" aria-labelledby=\"fusion-tab-35426852b5d750b49bd\" id=\"tab-35426852b5d750b49bd\">\n<p>El conocimiento de los ecosistemas de interfaz costero\/marinos (estuarios y frentes marinos) en nuestro pa\u00eds es sumamente dispar. El estuario del Plata y las marismas de la regi\u00f3n son quiz\u00e1s los mejores conocidos ya que, en a\u00f1os recientes, han recibido el inter\u00e9s de investigadores de varias instituciones. El frente del talud continental es un sistema de especial inter\u00e9s tanto por sus caracter\u00edsticas f\u00edsicas y din\u00e1micas como por la naturaleza de los recursos pesqueros asociados a \u00e9l. Sin embargo, su extensi\u00f3n y localizaci\u00f3n geogr\u00e1fica hacen t\u00e9cnica y financieramente dif\u00edcil su estudio, y se desconocen a\u00fan la mayor\u00eda de los procesos ecol\u00f3gicos b\u00e1sicos del sistema. El frente de mareas frente a la Pen\u00ednsula Vald\u00e9s, fue identificado y descrito por primera vez como consecuencia de un episodio de intoxicaci\u00f3n con moluscos bivalvos en 1980. Se han desarrollado desde entonces varios trabajos acerca de la oceanograf\u00eda f\u00edsica y biol\u00f3gica de este sistema, al cual se hallan asociados los ciclos vitales de algunas especies como la ancho\u00edta, el calamar y la vieira patag\u00f3nica.<br \/>\nEl resto de los sistemas est\u00e1 muy poco estudiado, aunque existe informaci\u00f3n dispersa y ocasional que puede ser reanalizada a la luz del marco te\u00f3rico expuesto en esta propuesta.<\/p>\n<\/div><\/div><\/div><div class=\"fusion-clearfix\"><\/div><\/div><\/div><\/div><\/div><div class=\"fusion-fullwidth fullwidth-box fusion-builder-row-2 nonhundred-percent-fullwidth non-hundred-percent-height-scrolling\" style=\"--awb-border-radius-top-left:0px;--awb-border-radius-top-right:0px;--awb-border-radius-bottom-right:0px;--awb-border-radius-bottom-left:0px;--awb-padding-top:20px;--awb-padding-bottom:20px;--awb-flex-wrap:wrap;\" ><div class=\"fusion-builder-row fusion-row\"><div class=\"fusion-layout-column fusion_builder_column fusion-builder-column-1 fusion_builder_column_1_1 1_1 fusion-one-full fusion-column-first fusion-column-last\" style=\"--awb-bg-size:cover;\"><div class=\"fusion-column-wrapper fusion-flex-column-wrapper-legacy\"><div class=\"fusion-flip-boxes flip-boxes row fusion-columns-4 flip-effect-classic\"><div class=\"fusion-flip-box-wrapper fusion-column col-lg-3 col-md-3 col-sm-3\"><div class=\"fusion-flip-box flip-right\" tabindex=\"0\"><div class=\"flip-box-inner-wrapper\"><div class=\"flip-box-front\" style=\"--awb-border-radius:4px;--awb-background-color-front:#0064c8;--awb-title-front-color:#ffffff;\"><div class=\"flip-box-front-inner\"><div class=\"flip-box-grafix flip-box-no-circle\"><i aria-hidden=\"true\" class=\" fa fa-users fa-flip-horizontal\"><\/i><\/div><h2 class=\"flip-box-heading without-text\">Autoridades<\/h2><\/div><\/div><div class=\"flip-box-back\" style=\"--awb-border-radius:4px;--awb-background-color-back:#153238;\"><div class=\"flip-box-back-inner\">\n<div class=\"fusion-button-wrapper\"><a class=\"fusion-button button-flat fusion-button-default-size button-default fusion-button-default button-1 fusion-button-default-span fusion-button-default-type\" target=\"_self\" href=\"autoridades\"><span class=\"fusion-button-text awb-button__text awb-button__text--default\">Autoridades<\/span><\/a><\/div>\n<\/div><\/div><\/div><\/div><\/div><div class=\"fusion-flip-box-wrapper fusion-column col-lg-3 col-md-3 col-sm-3\"><div class=\"fusion-flip-box flip-right\" tabindex=\"0\"><div class=\"flip-box-inner-wrapper\"><div class=\"flip-box-front\" style=\"--awb-border-radius:4px;--awb-background-color-front:#0064c8;--awb-title-front-color:#ffffff;\"><div class=\"flip-box-front-inner\"><div class=\"flip-box-grafix flip-box-circle\"><i aria-hidden=\"true\" class=\" fa fa-refresh\"><\/i><\/div><h2 class=\"flip-box-heading without-text\">Transferencia a la Comunidad<\/h2><\/div><\/div><div class=\"flip-box-back\" style=\"--awb-border-radius:4px;--awb-background-color-back:#153238;\"><div class=\"flip-box-back-inner\">\n<div class=\"fusion-button-wrapper\"><a class=\"fusion-button button-flat fusion-button-default-size button-default fusion-button-default button-2 fusion-button-default-span fusion-button-default-type\" target=\"_self\" href=\"beneficios-esperados\"><span class=\"fusion-button-text awb-button__text awb-button__text--default\">Transferencia a la Comunidad<\/span><\/a><\/div>\n<\/div><\/div><\/div><\/div><\/div><div class=\"fusion-flip-box-wrapper fusion-column col-lg-3 col-md-3 col-sm-3\"><div class=\"fusion-flip-box flip-right\" tabindex=\"0\"><div class=\"flip-box-inner-wrapper\"><div class=\"flip-box-front\" style=\"--awb-border-radius:4px;--awb-background-color-front:#0064c8;--awb-title-front-color:#ffffff;\"><div class=\"flip-box-front-inner\"><div class=\"flip-box-grafix flip-box-circle\"><i aria-hidden=\"true\" class=\" fa fa-file-o\"><\/i><\/div><h2 class=\"flip-box-heading without-text\">Ordenanzas<\/h2><\/div><\/div><div class=\"flip-box-back\" style=\"--awb-border-radius:4px;--awb-background-color-back:#153238;\"><div class=\"flip-box-back-inner\">\n<div class=\"fusion-button-wrapper\"><a class=\"fusion-button button-flat fusion-button-default-size button-default fusion-button-default button-3 fusion-button-default-span fusion-button-default-type\" target=\"_self\" href=\"ordenanzas\"><span class=\"fusion-button-text awb-button__text awb-button__text--default\">Ordenanzas<\/span><\/a><\/div>\n<\/div><\/div><\/div><\/div><\/div><div class=\"fusion-flip-box-wrapper fusion-column col-lg-3 col-md-3 col-sm-3\"><div class=\"fusion-flip-box flip-right\" tabindex=\"0\"><div class=\"flip-box-inner-wrapper\"><div class=\"flip-box-front\" style=\"--awb-border-radius:4px;--awb-background-color-front:#0064c8;--awb-title-front-color:#ffffff;\"><div class=\"flip-box-front-inner\"><div class=\"flip-box-grafix flip-box-circle\"><i aria-hidden=\"true\" class=\"fa-sun far\"><\/i><\/div><h2 class=\"flip-box-heading without-text\">Inserci\u00f3n del personal del IIMyC en organismos Nacionales e Internacionales<\/h2><\/div><\/div><div class=\"flip-box-back\" style=\"--awb-border-radius:4px;--awb-background-color-back:#153238;\"><div class=\"flip-box-back-inner\">\n<div class=\"fusion-button-wrapper\"><a class=\"fusion-button button-flat fusion-button-default-size button-default fusion-button-default button-4 fusion-button-default-span fusion-button-default-type\" target=\"_self\" href=\"insercion\"><span class=\"fusion-button-text awb-button__text awb-button__text--default\">Inserci\u00f3n del personal del IIMyC en organismos Nacionales e Internacionales<\/span><\/a><\/div>\n<\/div><\/div><\/div><\/div><\/div><\/div><div class=\"clearfix\"><\/div><div class=\"fusion-clearfix\"><\/div><\/div><\/div><\/div><\/div><\/p>\n","protected":false},"excerpt":{"rendered":"","protected":false},"author":1,"featured_media":0,"parent":0,"menu_order":0,"comment_status":"closed","ping_status":"closed","template":"","meta":{"footnotes":""},"class_list":["post-41","page","type-page","status-publish","hentry"],"_links":{"self":[{"href":"https:\/\/www.iimyc.gob.ar\/iimyc\/wp-json\/wp\/v2\/pages\/41","targetHints":{"allow":["GET"]}}],"collection":[{"href":"https:\/\/www.iimyc.gob.ar\/iimyc\/wp-json\/wp\/v2\/pages"}],"about":[{"href":"https:\/\/www.iimyc.gob.ar\/iimyc\/wp-json\/wp\/v2\/types\/page"}],"author":[{"embeddable":true,"href":"https:\/\/www.iimyc.gob.ar\/iimyc\/wp-json\/wp\/v2\/users\/1"}],"replies":[{"embeddable":true,"href":"https:\/\/www.iimyc.gob.ar\/iimyc\/wp-json\/wp\/v2\/comments?post=41"}],"version-history":[{"count":40,"href":"https:\/\/www.iimyc.gob.ar\/iimyc\/wp-json\/wp\/v2\/pages\/41\/revisions"}],"predecessor-version":[{"id":5925,"href":"https:\/\/www.iimyc.gob.ar\/iimyc\/wp-json\/wp\/v2\/pages\/41\/revisions\/5925"}],"wp:attachment":[{"href":"https:\/\/www.iimyc.gob.ar\/iimyc\/wp-json\/wp\/v2\/media?parent=41"}],"curies":[{"name":"wp","href":"https:\/\/api.w.org\/{rel}","templated":true}]}}