{"id":4294,"date":"2021-11-16T20:39:34","date_gmt":"2021-11-16T23:39:34","guid":{"rendered":"https:\/\/www.iimyc.gob.ar\/iimyc\/?page_id=4294"},"modified":"2021-11-17T13:56:50","modified_gmt":"2021-11-17T16:56:50","slug":"lagunaqr3","status":"publish","type":"page","link":"https:\/\/www.iimyc.gob.ar\/iimyc\/es\/lagunaqr3\/","title":{"rendered":""},"content":{"rendered":"<div class=\"fusion-title title fusion-title-1 fusion-title-center fusion-title-text fusion-title-size-two\" style=\"--awb-margin-top-small:0px;--awb-margin-right-small:0px;--awb-margin-bottom-small:20px;--awb-margin-left-small:0px;--awb-font-size:20px;\"><div class=\"title-sep-container title-sep-container-left\"><div class=\"title-sep sep-double sep-solid\" style=\"border-color:#e0dede;\"><\/div><\/div><span class=\"awb-title-spacer\"><\/span><h2 class=\"fusion-title-heading title-heading-center\" style=\"margin:0;font-size:1em;\"><br \/>\n\u00bfSab\u00edas que los suelos que rodean a la Laguna de Los Padres se formaron durante los \u00faltimos 10 mil a\u00f1os y son de los m\u00e1s f\u00e9rtiles de Argentina y del mundo? \u00bfSabes cu\u00e1nto tiempo tardan en degradarse?<br \/><\/h2><span class=\"awb-title-spacer\"><\/span><div class=\"title-sep-container title-sep-container-right\"><div class=\"title-sep sep-double sep-solid\" style=\"border-color:#e0dede;\"><\/div><\/div><\/div>\n<div class=\"fusion-text fusion-text-1\" style=\"--awb-font-size:18px;--awb-text-transform:none;\"><p>\nLos suelos representan los ecosistemas m\u00e1s complejos de la naturaleza. Su formaci\u00f3n se da a escalas de tiempo geol\u00f3gicas (cientos a miles de a\u00f1os) y sustentan a la cuarta parte de la biodiversidad del planeta.<br \/>\nLos suelos que rodean la Laguna de Los Padres se formaron durante los \u00faltimos 10000 a\u00f1os, y son considerados entre los m\u00e1s f\u00e9rtiles del mundo debido a su alto contenido de materia org\u00e1nica (humus) y nutrientes. Esto ha permitido el desarrollo de la ganader\u00eda, la agricultura y la horticultura, generando una marcada degradaci\u00f3n de sus propiedades f\u00edsicas, qu\u00edmicas y biol\u00f3gicas, y en consecuencia, de su productividad.<br \/>\nDebido a que los suelos necesitan cientos a miles de a\u00f1os para su formaci\u00f3n, pero s\u00f3lo unos pocos a\u00f1os para su degradaci\u00f3n, son considerados recursos naturales no renovables, y su conservaci\u00f3n es una necesidad primaria.<\/p>\n<\/div>\n<div class=\"fusion-image-element fusion-image-align-center awb-imageframe-style awb-imageframe-style-below awb-imageframe-style-1 in-legacy-container\" style=\"text-align:center;--awb-caption-title-font-family:var(--h2_typography-font-family);--awb-caption-title-font-weight:var(--h2_typography-font-weight);--awb-caption-title-font-style:var(--h2_typography-font-style);--awb-caption-title-size:var(--h2_typography-font-size);--awb-caption-title-transform:var(--h2_typography-text-transform);--awb-caption-title-line-height:var(--h2_typography-line-height);--awb-caption-title-letter-spacing:var(--h2_typography-letter-spacing);\"><div class=\"imageframe-align-center\"><span class=\" fusion-imageframe imageframe-none imageframe-1 hover-type-none\" style=\"border:1px solid #f6f6f6;\"><img decoding=\"async\" width=\"1006\" height=\"768\" src=\"https:\/\/www.iimyc.gob.ar\/iimyc\/wp-content\/uploads\/2021\/11\/QR3-Imagen-panoramica-actividad-agricola-.jpg\" alt class=\"img-responsive wp-image-4295\" srcset=\"https:\/\/www.iimyc.gob.ar\/iimyc\/wp-content\/uploads\/2021\/11\/QR3-Imagen-panoramica-actividad-agricola--200x153.jpg 200w, https:\/\/www.iimyc.gob.ar\/iimyc\/wp-content\/uploads\/2021\/11\/QR3-Imagen-panoramica-actividad-agricola--400x305.jpg 400w, https:\/\/www.iimyc.gob.ar\/iimyc\/wp-content\/uploads\/2021\/11\/QR3-Imagen-panoramica-actividad-agricola--600x458.jpg 600w, https:\/\/www.iimyc.gob.ar\/iimyc\/wp-content\/uploads\/2021\/11\/QR3-Imagen-panoramica-actividad-agricola--800x611.jpg 800w, https:\/\/www.iimyc.gob.ar\/iimyc\/wp-content\/uploads\/2021\/11\/QR3-Imagen-panoramica-actividad-agricola-.jpg 1006w\" sizes=\"(max-width: 800px) 100vw, 1006px\" \/><\/span><div class=\"awb-imageframe-caption-container\"><div class=\"awb-imageframe-caption\"><h2 class=\"awb-imageframe-caption-title\">Foto panor\u00e1mica de los campos con actividad agr\u00edcola que rodean la Laguna de Los Padres.<\/h2><\/div><\/div><\/div><\/div>\n<div class=\"fusion-title title fusion-title-2 fusion-title-center fusion-title-text fusion-title-size-two\" style=\"--awb-margin-top-small:0px;--awb-margin-right-small:0px;--awb-margin-bottom-small:20px;--awb-margin-left-small:0px;--awb-font-size:20px;\"><div class=\"title-sep-container title-sep-container-left\"><div class=\"title-sep sep-double sep-solid\" style=\"border-color:#e0dede;\"><\/div><\/div><span class=\"awb-title-spacer\"><\/span><h2 class=\"fusion-title-heading title-heading-center\" style=\"margin:0;font-size:1em;\"><br \/>\n\u00bfTe interesa saber m\u00e1s de los suelos de la zona?<br \/><\/h2><span class=\"awb-title-spacer\"><\/span><div class=\"title-sep-container title-sep-container-right\"><div class=\"title-sep sep-double sep-solid\" style=\"border-color:#e0dede;\"><\/div><\/div><\/div>\n<div class=\"fusion-text fusion-text-2\" style=\"--awb-font-size:18px;--awb-text-transform:none;\"><p>\nHace aproximadamente 10000 a\u00f1os, la zona donde se encuentra la Laguna de Los Padres se cubri\u00f3 de sedimentos que llegaron por transporte e\u00f3lico (viento) e h\u00eddrico (cursos de agua) desde el oeste de nuestro pa\u00eds, y dieron origen al relieve de lomadas caracter\u00edstico de la zona. Estos sedimentos, que se denominan loess, constituyen el material a partir del cual se formaron los suelos que hoy observamos en los alrededores de la laguna.<br \/>\nEstos suelos pertenecen a la Serie Mar del Plata 26, donde dominan los Argiudoles t\u00edpicos en los sectores de lomas lo\u00e9ssicas, Hapludoles thapto\u00e1rgicos en las partes llanas y Argiudoles \u00e1cuicos en los bajos. Los Argiudoles t\u00edpicos se distribuyen m\u00e1s ampliamente y son suelos bien estructurados. En ellos se diferencia un horizonte A de alrededor de 30 cm de espesor, de textura franca, estructura granular y elevado contenido de materia org\u00e1nica. El horizonte B es de textura franco-arcillosa y estructura prism\u00e1tica, con un espesor de unos 40 cm que pasa gradualmente a un horizonte C que es el material parental de estos suelos (loess).<br \/>\nPor su gran desarrollo y alto contenido de materia org\u00e1nica y nutrientes, son considerados uno de los suelos m\u00e1s f\u00e9rtiles del pa\u00eds y del mundo. Debido a esto, son utilizados casi exclusivamente para uso agr\u00edcola-ganadero con actividades intensivas y extensivas. En particular, los suelos que rodean el \u00e1rea de la laguna son utilizados para el cultivo hort\u00edcola intensivo de zanahoria, repollo, lechuga, zapallo, entre otros, lo que permiti\u00f3 el desarrollo del cintur\u00f3n hort\u00edcola de Mar del Plata, que abastece de esta producci\u00f3n a la ciudad de Mar del Plata y la regi\u00f3n. Las actividades extensivas corresponden a cultivos de trigo, avena, lino, ma\u00edz, girasol y soja.<br \/>\nLa intensificaci\u00f3n del uso agro-ganadero y hort\u00edcola desde hace m\u00e1s de 50 a\u00f1os ha provocado una marcada degradaci\u00f3n de estos suelos. Dicha degradaci\u00f3n ha afectado negativamente sus propiedades f\u00edsicas, disminuyendo la estabilidad estructural y la porosidad total, y aumentando la compactaci\u00f3n. Por otro lado, los efectos de la degradaci\u00f3n en las propiedades qu\u00edmicas se han observado en la disminuci\u00f3n del contenido de materia org\u00e1nica y algunos nutrientes como el nitr\u00f3geno y el f\u00f3sforo. Tambi\u00e9n se han detectado modificaciones en las propiedades biol\u00f3gicas debido a la destrucci\u00f3n, fragmentaci\u00f3n y la modificaci\u00f3n peri\u00f3dica del h\u00e1bitat por el reemplazo de los h\u00e1bitats naturales por sistemas agropecuarios. Esto se traduce en una marcada p\u00e9rdida de biodiversidad, dada por la reducci\u00f3n de la riqueza y abundancia de aves, artr\u00f3podos, mam\u00edferos, y organismos del suelo, entre otros.<\/p>\n<\/div>\n<div class=\"fusion-image-element fusion-image-align-center awb-imageframe-style awb-imageframe-style-below awb-imageframe-style-2 in-legacy-container\" style=\"text-align:center;--awb-caption-title-font-family:var(--h2_typography-font-family);--awb-caption-title-font-weight:var(--h2_typography-font-weight);--awb-caption-title-font-style:var(--h2_typography-font-style);--awb-caption-title-size:var(--h2_typography-font-size);--awb-caption-title-transform:var(--h2_typography-text-transform);--awb-caption-title-line-height:var(--h2_typography-line-height);--awb-caption-title-letter-spacing:var(--h2_typography-letter-spacing);\"><div class=\"imageframe-align-center\"><span class=\" fusion-imageframe imageframe-none imageframe-2 hover-type-none\" style=\"border:1px solid #f6f6f6;\"><img decoding=\"async\" width=\"660\" height=\"904\" src=\"https:\/\/www.iimyc.gob.ar\/iimyc\/wp-content\/uploads\/2021\/11\/QR3-Imagen-perfil-y-horizontes-.jpg\" alt class=\"img-responsive wp-image-4296\" srcset=\"https:\/\/www.iimyc.gob.ar\/iimyc\/wp-content\/uploads\/2021\/11\/QR3-Imagen-perfil-y-horizontes--200x274.jpg 200w, https:\/\/www.iimyc.gob.ar\/iimyc\/wp-content\/uploads\/2021\/11\/QR3-Imagen-perfil-y-horizontes--400x548.jpg 400w, https:\/\/www.iimyc.gob.ar\/iimyc\/wp-content\/uploads\/2021\/11\/QR3-Imagen-perfil-y-horizontes--600x822.jpg 600w, https:\/\/www.iimyc.gob.ar\/iimyc\/wp-content\/uploads\/2021\/11\/QR3-Imagen-perfil-y-horizontes-.jpg 660w\" sizes=\"(max-width: 800px) 100vw, 660px\" \/><\/span><div class=\"awb-imageframe-caption-container\"><div class=\"awb-imageframe-caption\"><h2 class=\"awb-imageframe-caption-title\">Foto del perfil y horizontes de un Argiudol t\u00edpico, suelo caracter\u00edstico de los alrededores de la Laguna de Los Padres. <\/h2><\/div><\/div><\/div><\/div>\n","protected":false},"excerpt":{"rendered":"","protected":false},"author":1,"featured_media":0,"parent":0,"menu_order":0,"comment_status":"closed","ping_status":"closed","template":"","meta":{"footnotes":""},"class_list":["post-4294","page","type-page","status-publish","hentry"],"_links":{"self":[{"href":"https:\/\/www.iimyc.gob.ar\/iimyc\/wp-json\/wp\/v2\/pages\/4294","targetHints":{"allow":["GET"]}}],"collection":[{"href":"https:\/\/www.iimyc.gob.ar\/iimyc\/wp-json\/wp\/v2\/pages"}],"about":[{"href":"https:\/\/www.iimyc.gob.ar\/iimyc\/wp-json\/wp\/v2\/types\/page"}],"author":[{"embeddable":true,"href":"https:\/\/www.iimyc.gob.ar\/iimyc\/wp-json\/wp\/v2\/users\/1"}],"replies":[{"embeddable":true,"href":"https:\/\/www.iimyc.gob.ar\/iimyc\/wp-json\/wp\/v2\/comments?post=4294"}],"version-history":[{"count":25,"href":"https:\/\/www.iimyc.gob.ar\/iimyc\/wp-json\/wp\/v2\/pages\/4294\/revisions"}],"predecessor-version":[{"id":4411,"href":"https:\/\/www.iimyc.gob.ar\/iimyc\/wp-json\/wp\/v2\/pages\/4294\/revisions\/4411"}],"wp:attachment":[{"href":"https:\/\/www.iimyc.gob.ar\/iimyc\/wp-json\/wp\/v2\/media?parent=4294"}],"curies":[{"name":"wp","href":"https:\/\/api.w.org\/{rel}","templated":true}]}}