{"id":54,"date":"2017-03-21T14:56:33","date_gmt":"2017-03-21T14:56:33","guid":{"rendered":"http:\/\/www.iimyc.gob.ar\/iimyc\/?page_id=54"},"modified":"2025-06-10T12:05:41","modified_gmt":"2025-06-10T15:05:41","slug":"autoridades","status":"publish","type":"page","link":"https:\/\/www.iimyc.gob.ar\/iimyc\/es\/institucional\/autoridades\/","title":{"rendered":"Autoridades"},"content":{"rendered":"<div class=\"fusion-fullwidth fullwidth-box fusion-builder-row-1 fusion-flex-container nonhundred-percent-fullwidth non-hundred-percent-height-scrolling\" style=\"--awb-border-radius-top-left:0px;--awb-border-radius-top-right:0px;--awb-border-radius-bottom-right:0px;--awb-border-radius-bottom-left:0px;--awb-flex-wrap:wrap;\" ><div class=\"fusion-builder-row fusion-row fusion-flex-align-items-flex-start fusion-flex-content-wrap\" style=\"max-width:1206.4px;margin-left: calc(-4% \/ 2 );margin-right: calc(-4% \/ 2 );\"><div class=\"fusion-layout-column fusion_builder_column fusion-builder-column-0 fusion_builder_column_1_1 1_1 fusion-flex-column\" style=\"--awb-bg-size:cover;--awb-width-large:100%;--awb-margin-top-large:0px;--awb-spacing-right-large:1.92%;--awb-margin-bottom-large:20px;--awb-spacing-left-large:1.92%;--awb-width-medium:100%;--awb-order-medium:0;--awb-spacing-right-medium:1.92%;--awb-spacing-left-medium:1.92%;--awb-width-small:100%;--awb-order-small:0;--awb-spacing-right-small:1.92%;--awb-spacing-left-small:1.92%;\"><div class=\"fusion-column-wrapper fusion-column-has-shadow fusion-flex-justify-content-flex-start fusion-content-layout-column\">\n<div class=\"table-2\">\n<table width=\"100%\">\n<thead>\n<tr>\n<th align=\"left\">Director<\/th>\n<th align=\"left\"><\/th>\n<th align=\"left\"><\/th>\n<\/tr>\n<\/thead>\n<tbody>\n<tr>\n<td align=\"left\">\n<div class=\"table-2\"><div class=\"fusion-image-element \" style=\"--awb-max-width:100px;--awb-caption-title-font-family:var(--h2_typography-font-family);--awb-caption-title-font-weight:var(--h2_typography-font-weight);--awb-caption-title-font-style:var(--h2_typography-font-style);--awb-caption-title-size:var(--h2_typography-font-size);--awb-caption-title-transform:var(--h2_typography-text-transform);--awb-caption-title-line-height:var(--h2_typography-line-height);--awb-caption-title-letter-spacing:var(--h2_typography-letter-spacing);\"><span class=\" fusion-imageframe imageframe-none imageframe-1 hover-type-none\"><img decoding=\"async\" src=\"\/instituto\/assets\/img_ok\/edcf12c94a9a4f3bbe9cef11df3f8d4e.jpg\" alt class=\"img-responsive\"\/><\/span><\/div><\/div>\n<div class=\"table-2\">\n<div class=\"table-2\"><span class=\"person-name\" style=\"color: #000000;\">Dr. Tom\u00e1s Luppi<\/span><\/div>\n<div class=\"table-2\"><div class=\"fusion-image-element \" style=\"--awb-caption-title-font-family:var(--h2_typography-font-family);--awb-caption-title-font-weight:var(--h2_typography-font-weight);--awb-caption-title-font-style:var(--h2_typography-font-style);--awb-caption-title-size:var(--h2_typography-font-size);--awb-caption-title-transform:var(--h2_typography-text-transform);--awb-caption-title-line-height:var(--h2_typography-line-height);--awb-caption-title-letter-spacing:var(--h2_typography-letter-spacing);\"><span class=\" fusion-imageframe imageframe-none imageframe-2 hover-type-none\"><a class=\"fusion-no-lightbox\" href=\"mailto:taluppi@mdp.edu.ar\" target=\"_self\" aria-label=\"sobre\"><img decoding=\"async\" width=\"20\" height=\"14\" src=\"https:\/\/www.iimyc.gob.ar\/iimyc\/wp-content\/uploads\/2017\/04\/sobre.png\" alt class=\"img-responsive wp-image-348\"\/><\/a><\/span><\/div><\/div>\n<\/div>\n<\/td>\n<td align=\"left\">Investigador CONICET Principal<\/td>\n<\/tr>\n<\/tbody>\n<\/table>\n<\/div>\n<div class=\"table-2\">\n<table width=\"100%\">\n<thead>\n<tr>\n<th align=\"left\">Vicedirector<\/th>\n<th align=\"left\"><\/th>\n<th align=\"left\"><\/th>\n<\/tr>\n<\/thead>\n<tbody>\n<tr>\n<td align=\"left\">\n<div class=\"table-2\"><div class=\"fusion-image-element \" style=\"--awb-max-width:100px;--awb-caption-title-font-family:var(--h2_typography-font-family);--awb-caption-title-font-weight:var(--h2_typography-font-weight);--awb-caption-title-font-style:var(--h2_typography-font-style);--awb-caption-title-size:var(--h2_typography-font-size);--awb-caption-title-transform:var(--h2_typography-text-transform);--awb-caption-title-line-height:var(--h2_typography-line-height);--awb-caption-title-letter-spacing:var(--h2_typography-letter-spacing);\"><span class=\" fusion-imageframe imageframe-none imageframe-3 hover-type-none\"><img decoding=\"async\" src=\"\/instituto\/assets\/img_ok\/bb0e5c9fd568481cb3a728ddfa29271d.jpg\" alt class=\"img-responsive\"\/><\/span><\/div><\/div>\n<div class=\"table-2\">\n<div class=\"table-2\"><span class=\"person-name\" style=\"color: #000000;\">Dr. Juan Timi<\/span><\/div>\n<div class=\"table-2\"><div class=\"fusion-image-element \" style=\"--awb-caption-title-font-family:var(--h2_typography-font-family);--awb-caption-title-font-weight:var(--h2_typography-font-weight);--awb-caption-title-font-style:var(--h2_typography-font-style);--awb-caption-title-size:var(--h2_typography-font-size);--awb-caption-title-transform:var(--h2_typography-text-transform);--awb-caption-title-line-height:var(--h2_typography-line-height);--awb-caption-title-letter-spacing:var(--h2_typography-letter-spacing);\"><span class=\" fusion-imageframe imageframe-none imageframe-4 hover-type-none\"><a class=\"fusion-no-lightbox\" href=\"mailto:jtimi@mdp.edu.ar\" target=\"_self\" aria-label=\"sobre\"><img decoding=\"async\" width=\"20\" height=\"14\" src=\"https:\/\/www.iimyc.gob.ar\/iimyc\/wp-content\/uploads\/2017\/04\/sobre.png\" alt class=\"img-responsive wp-image-348\"\/><\/a><\/span><\/div><\/div>\n<\/div>\n<\/td>\n<td align=\"left\">Investigador CONICET Principal<\/td>\n<\/tr>\n<\/tbody>\n<\/table>\n<\/div>\n<div class=\"table-2\">\n<table width=\"100%\">\n<thead>\n<tr>\n<th align=\"left\">Consejeros<\/th>\n<th align=\"left\"><\/th>\n<th align=\"left\"><\/th>\n<\/tr>\n<\/thead>\n<tbody>\n<tr>\n<td align=\"left\">\n<div class=\"table-2\"><div class=\"fusion-image-element \" style=\"--awb-max-width:100px;--awb-caption-title-font-family:var(--h2_typography-font-family);--awb-caption-title-font-weight:var(--h2_typography-font-weight);--awb-caption-title-font-style:var(--h2_typography-font-style);--awb-caption-title-size:var(--h2_typography-font-size);--awb-caption-title-transform:var(--h2_typography-text-transform);--awb-caption-title-line-height:var(--h2_typography-line-height);--awb-caption-title-letter-spacing:var(--h2_typography-letter-spacing);\"><span class=\" fusion-imageframe imageframe-none imageframe-5 hover-type-none\"><img decoding=\"async\" src=\"\/instituto\/assets\/img_ok\/8fb024a1a0d24776a1b64e60c2b5edf3.jpg\" alt class=\"img-responsive\"\/><\/span><\/div><\/div>\n<div class=\"table-2\">\n<div class=\"table-2\"><span class=\"person-name\" style=\"color: #000000;\">Dr. Juan Pablo Isacch<\/span><\/div>\n<div class=\"table-2\"><div class=\"fusion-image-element \" style=\"--awb-caption-title-font-family:var(--h2_typography-font-family);--awb-caption-title-font-weight:var(--h2_typography-font-weight);--awb-caption-title-font-style:var(--h2_typography-font-style);--awb-caption-title-size:var(--h2_typography-font-size);--awb-caption-title-transform:var(--h2_typography-text-transform);--awb-caption-title-line-height:var(--h2_typography-line-height);--awb-caption-title-letter-spacing:var(--h2_typography-letter-spacing);\"><span class=\" fusion-imageframe imageframe-none imageframe-6 hover-type-none\"><a class=\"fusion-no-lightbox\" href=\"mailto:jpisacch@mdp.edu.ar\" target=\"_self\" aria-label=\"sobre\"><img decoding=\"async\" width=\"20\" height=\"14\" src=\"https:\/\/www.iimyc.gob.ar\/iimyc\/wp-content\/uploads\/2017\/04\/sobre.png\" alt class=\"img-responsive wp-image-348\"\/><\/a><\/span><\/div><\/div>\n<\/div>\n<\/td>\n<td align=\"left\">Investigador CONICET Principal<\/td>\n<\/tr>\n<tr>\n<td align=\"left\">\n<div class=\"table-2\"><div class=\"fusion-image-element \" style=\"--awb-max-width:100px;--awb-caption-title-font-family:var(--h2_typography-font-family);--awb-caption-title-font-weight:var(--h2_typography-font-weight);--awb-caption-title-font-style:var(--h2_typography-font-style);--awb-caption-title-size:var(--h2_typography-font-size);--awb-caption-title-transform:var(--h2_typography-text-transform);--awb-caption-title-line-height:var(--h2_typography-line-height);--awb-caption-title-letter-spacing:var(--h2_typography-letter-spacing);\"><span class=\" fusion-imageframe imageframe-none imageframe-7 hover-type-none\"><img decoding=\"async\" src=\"\/instituto\/assets\/img_ok\/39cabcc09f8842448ae0e1ffadd3088e.jpg\" alt class=\"img-responsive\"\/><\/span><\/div><\/div>\n<div class=\"table-2\">\n<div class=\"table-2\"><span class=\"person-name\" style=\"color: #000000;\">Dr. Gustavo Macchi<\/span><\/div>\n<div class=\"table-2\"><div class=\"fusion-image-element \" style=\"--awb-caption-title-font-family:var(--h2_typography-font-family);--awb-caption-title-font-weight:var(--h2_typography-font-weight);--awb-caption-title-font-style:var(--h2_typography-font-style);--awb-caption-title-size:var(--h2_typography-font-size);--awb-caption-title-transform:var(--h2_typography-text-transform);--awb-caption-title-line-height:var(--h2_typography-line-height);--awb-caption-title-letter-spacing:var(--h2_typography-letter-spacing);\"><span class=\" fusion-imageframe imageframe-none imageframe-8 hover-type-none\"><a class=\"fusion-no-lightbox\" href=\"mailto:gmacchi@inidep.edu.ar\" target=\"_self\" aria-label=\"sobre\"><img decoding=\"async\" width=\"20\" height=\"14\" src=\"https:\/\/www.iimyc.gob.ar\/iimyc\/wp-content\/uploads\/2017\/04\/sobre.png\" alt class=\"img-responsive wp-image-348\"\/><\/a><\/span><\/div><\/div>\n<\/div>\n<\/td>\n<td align=\"left\">Investigador CONICET Principal<\/td>\n<\/tr>\n<tr>\n<td align=\"left\">\n<div class=\"table-2\"><div class=\"fusion-image-element \" style=\"--awb-max-width:100px;--awb-caption-title-font-family:var(--h2_typography-font-family);--awb-caption-title-font-weight:var(--h2_typography-font-weight);--awb-caption-title-font-style:var(--h2_typography-font-style);--awb-caption-title-size:var(--h2_typography-font-size);--awb-caption-title-transform:var(--h2_typography-text-transform);--awb-caption-title-line-height:var(--h2_typography-line-height);--awb-caption-title-letter-spacing:var(--h2_typography-letter-spacing);\"><span class=\" fusion-imageframe imageframe-none imageframe-9 hover-type-none\"><img decoding=\"async\" src=\"\/instituto\/assets\/img_ok\/bb0e5c9fd568481cb3a728ddfa29271d.jpg\" alt class=\"img-responsive\"\/><\/span><\/div><\/div>\n<div class=\"table-2\">\n<div class=\"table-2\"><span class=\"person-name\" style=\"color: #000000;\">Dr. Juan Timi<\/span><\/div>\n<div class=\"table-2\"><div class=\"fusion-image-element \" style=\"--awb-caption-title-font-family:var(--h2_typography-font-family);--awb-caption-title-font-weight:var(--h2_typography-font-weight);--awb-caption-title-font-style:var(--h2_typography-font-style);--awb-caption-title-size:var(--h2_typography-font-size);--awb-caption-title-transform:var(--h2_typography-text-transform);--awb-caption-title-line-height:var(--h2_typography-line-height);--awb-caption-title-letter-spacing:var(--h2_typography-letter-spacing);\"><span class=\" fusion-imageframe imageframe-none imageframe-10 hover-type-none\"><a class=\"fusion-no-lightbox\" href=\"mailto:jtimi@mdp.edu.ar\" target=\"_self\" aria-label=\"sobre\"><img decoding=\"async\" width=\"20\" height=\"14\" src=\"https:\/\/www.iimyc.gob.ar\/iimyc\/wp-content\/uploads\/2017\/04\/sobre.png\" alt class=\"img-responsive wp-image-348\"\/><\/a><\/span><\/div><\/div>\n<\/div>\n<\/td>\n<td align=\"left\">Investigador CONICET Principal<\/td>\n<\/tr>\n<tr>\n<td align=\"left\">\n<div class=\"table-2\"><div class=\"fusion-image-element \" style=\"--awb-max-width:100px;--awb-caption-title-font-family:var(--h2_typography-font-family);--awb-caption-title-font-weight:var(--h2_typography-font-weight);--awb-caption-title-font-style:var(--h2_typography-font-style);--awb-caption-title-size:var(--h2_typography-font-size);--awb-caption-title-transform:var(--h2_typography-text-transform);--awb-caption-title-line-height:var(--h2_typography-line-height);--awb-caption-title-letter-spacing:var(--h2_typography-letter-spacing);\"><span class=\" fusion-imageframe imageframe-none imageframe-11 hover-type-none\"><img decoding=\"async\" src=\"\/instituto\/assets\/img_ok\/2d86efc2b30f4e599c8506c9f7fbbc4c.jpg\" alt class=\"img-responsive\"\/><\/span><\/div><\/div>\n<div class=\"table-2\">\n<div class=\"table-2\"><span class=\"person-name\" style=\"color: #000000;\">Dr. Santiago Barbini<\/span><\/div>\n<div class=\"table-2\"><div class=\"fusion-image-element \" style=\"--awb-caption-title-font-family:var(--h2_typography-font-family);--awb-caption-title-font-weight:var(--h2_typography-font-weight);--awb-caption-title-font-style:var(--h2_typography-font-style);--awb-caption-title-size:var(--h2_typography-font-size);--awb-caption-title-transform:var(--h2_typography-text-transform);--awb-caption-title-line-height:var(--h2_typography-line-height);--awb-caption-title-letter-spacing:var(--h2_typography-letter-spacing);\"><span class=\" fusion-imageframe imageframe-none imageframe-12 hover-type-none\"><a class=\"fusion-no-lightbox\" href=\"mailto:santiagobarbini@gmail.com\" target=\"_self\" aria-label=\"sobre\"><img decoding=\"async\" width=\"20\" height=\"14\" src=\"https:\/\/www.iimyc.gob.ar\/iimyc\/wp-content\/uploads\/2017\/04\/sobre.png\" alt class=\"img-responsive wp-image-348\"\/><\/a><\/span><\/div><\/div>\n<\/div>\n<\/td>\n<td align=\"left\">Investigador CONICET Independiente<\/td>\n<\/tr>\n<tr>\n<td align=\"left\">\n<div class=\"table-2\">\n<div class=\"table-2\"><div class=\"fusion-image-element \" style=\"--awb-max-width:100px;--awb-caption-title-font-family:var(--h2_typography-font-family);--awb-caption-title-font-weight:var(--h2_typography-font-weight);--awb-caption-title-font-style:var(--h2_typography-font-style);--awb-caption-title-size:var(--h2_typography-font-size);--awb-caption-title-transform:var(--h2_typography-text-transform);--awb-caption-title-line-height:var(--h2_typography-line-height);--awb-caption-title-letter-spacing:var(--h2_typography-letter-spacing);\"><span class=\" fusion-imageframe imageframe-none imageframe-13 hover-type-none\"><img decoding=\"async\" src=\"\/instituto\/assets\/img_ok\/29dfa37f8e314085bee9be8fc093aa3f.jpeg\" alt class=\"img-responsive\"\/><\/span><\/div><\/div>\n<\/div>\n<div class=\"table-2\">\n<div class=\"table-2\"><span style=\"color: #000000;\">Dra. Mariana Gonzalez<\/span><\/div>\n<div class=\"table-2\"><\/div>\n<\/div>\n<\/td>\n<td align=\"left\">Investigadora CONICET Independiente<\/td>\n<\/tr>\n<tr>\n<td align=\"left\">\n<div class=\"table-2\"><div class=\"fusion-image-element \" style=\"--awb-max-width:100px;--awb-caption-title-font-family:var(--h2_typography-font-family);--awb-caption-title-font-weight:var(--h2_typography-font-weight);--awb-caption-title-font-style:var(--h2_typography-font-style);--awb-caption-title-size:var(--h2_typography-font-size);--awb-caption-title-transform:var(--h2_typography-text-transform);--awb-caption-title-line-height:var(--h2_typography-line-height);--awb-caption-title-letter-spacing:var(--h2_typography-letter-spacing);\"><span class=\" fusion-imageframe imageframe-none imageframe-14 hover-type-none\"><img decoding=\"async\" src=\"\/instituto\/assets\/img_ok\/722a176a9ee1471daf5d4d96e902cdf7.jpeg\" alt class=\"img-responsive\"\/><\/span><\/div><\/div>\n<div class=\"table-2\">\n<div class=\"table-2\"><span class=\"person-name\" style=\"color: #000000;\">Dra. Mar\u00eda Alejandra Rossin <\/span><\/div>\n<div class=\"table-2\"><div class=\"fusion-image-element \" style=\"--awb-caption-title-font-family:var(--h2_typography-font-family);--awb-caption-title-font-weight:var(--h2_typography-font-weight);--awb-caption-title-font-style:var(--h2_typography-font-style);--awb-caption-title-size:var(--h2_typography-font-size);--awb-caption-title-transform:var(--h2_typography-text-transform);--awb-caption-title-line-height:var(--h2_typography-line-height);--awb-caption-title-letter-spacing:var(--h2_typography-letter-spacing);\"><span class=\" fusion-imageframe imageframe-none imageframe-15 hover-type-none\"><a class=\"fusion-no-lightbox\" href=\"mailto:mrossin@mdp.edu.ar\" target=\"_self\" aria-label=\"sobre\"><img decoding=\"async\" width=\"20\" height=\"14\" src=\"https:\/\/www.iimyc.gob.ar\/iimyc\/wp-content\/uploads\/2017\/04\/sobre.png\" alt class=\"img-responsive wp-image-348\"\/><\/a><\/span><\/div><\/div>\n<\/div>\n<\/td>\n<td align=\"left\">Investigadora CONICET Independiente<\/td>\n<\/tr>\n<tr>\n<td align=\"left\">\n<div class=\"table-2\"><div class=\"fusion-image-element \" style=\"--awb-max-width:100px;--awb-caption-title-font-family:var(--h2_typography-font-family);--awb-caption-title-font-weight:var(--h2_typography-font-weight);--awb-caption-title-font-style:var(--h2_typography-font-style);--awb-caption-title-size:var(--h2_typography-font-size);--awb-caption-title-transform:var(--h2_typography-text-transform);--awb-caption-title-line-height:var(--h2_typography-line-height);--awb-caption-title-letter-spacing:var(--h2_typography-letter-spacing);\"><span class=\" fusion-imageframe imageframe-none imageframe-16 hover-type-none\"><img decoding=\"async\" src=\"\/instituto\/assets\/img_ok\/e58127cdfad34ca586e4421096b8678b.png\" alt class=\"img-responsive\"\/><\/span><\/div><\/div>\n<div class=\"table-2\">\n<div class=\"table-2\"><span class=\"person-name\" style=\"color: #000000;\">Dra. Mar\u00eda de los \u00c1ngeles Gonz\u00e1lez Sagrario<\/span><\/div>\n<div class=\"table-2\"><div class=\"fusion-image-element \" style=\"--awb-caption-title-font-family:var(--h2_typography-font-family);--awb-caption-title-font-weight:var(--h2_typography-font-weight);--awb-caption-title-font-style:var(--h2_typography-font-style);--awb-caption-title-size:var(--h2_typography-font-size);--awb-caption-title-transform:var(--h2_typography-text-transform);--awb-caption-title-line-height:var(--h2_typography-line-height);--awb-caption-title-letter-spacing:var(--h2_typography-letter-spacing);\"><span class=\" fusion-imageframe imageframe-none imageframe-17 hover-type-none\"><a class=\"fusion-no-lightbox\" href=\"mailto:gonsagra@gmail.com\" target=\"_self\" aria-label=\"sobre\"><img decoding=\"async\" width=\"20\" height=\"14\" src=\"https:\/\/www.iimyc.gob.ar\/iimyc\/wp-content\/uploads\/2017\/04\/sobre.png\" alt class=\"img-responsive wp-image-348\"\/><\/a><\/span><\/div><\/div>\n<\/div>\n<\/td>\n<td align=\"left\">Investigadora CONICET Independiente<\/td>\n<\/tr>\n<tr>\n<td align=\"left\">\n<div class=\"table-2\"><div class=\"fusion-image-element \" style=\"--awb-max-width:100px;--awb-caption-title-font-family:var(--h2_typography-font-family);--awb-caption-title-font-weight:var(--h2_typography-font-weight);--awb-caption-title-font-style:var(--h2_typography-font-style);--awb-caption-title-size:var(--h2_typography-font-size);--awb-caption-title-transform:var(--h2_typography-text-transform);--awb-caption-title-line-height:var(--h2_typography-line-height);--awb-caption-title-letter-spacing:var(--h2_typography-letter-spacing);\"><span class=\" fusion-imageframe imageframe-none imageframe-18 hover-type-none\"><img decoding=\"async\" src=\"\/instituto\/assets\/img_ok\/74965b89c26643fb96eb5f43e08f8884.jpg\" alt class=\"img-responsive\"\/><\/span><\/div><\/div>\n<div class=\"table-2\">\n<div class=\"table-2\"><span class=\"person-name\" style=\"color: #000000;\">Dra. Sof\u00eda Copello<\/span><\/div>\n<div class=\"table-2\"><div class=\"fusion-image-element \" style=\"--awb-caption-title-font-family:var(--h2_typography-font-family);--awb-caption-title-font-weight:var(--h2_typography-font-weight);--awb-caption-title-font-style:var(--h2_typography-font-style);--awb-caption-title-size:var(--h2_typography-font-size);--awb-caption-title-transform:var(--h2_typography-text-transform);--awb-caption-title-line-height:var(--h2_typography-line-height);--awb-caption-title-letter-spacing:var(--h2_typography-letter-spacing);\"><span class=\" fusion-imageframe imageframe-none imageframe-19 hover-type-none\"><a class=\"fusion-no-lightbox\" href=\"mailto:scopello@mdp.edu.ar\" target=\"_self\" aria-label=\"sobre\"><img decoding=\"async\" width=\"20\" height=\"14\" src=\"https:\/\/www.iimyc.gob.ar\/iimyc\/wp-content\/uploads\/2017\/04\/sobre.png\" alt class=\"img-responsive wp-image-348\"\/><\/a><\/span><\/div><\/div>\n<\/div>\n<\/td>\n<td align=\"left\">Investigadora CONICET Adjunto<\/td>\n<\/tr>\n<tr>\n<td align=\"left\">\n<div class=\"table-2\"><div class=\"fusion-image-element \" style=\"--awb-max-width:100px;--awb-caption-title-font-family:var(--h2_typography-font-family);--awb-caption-title-font-weight:var(--h2_typography-font-weight);--awb-caption-title-font-style:var(--h2_typography-font-style);--awb-caption-title-size:var(--h2_typography-font-size);--awb-caption-title-transform:var(--h2_typography-text-transform);--awb-caption-title-line-height:var(--h2_typography-line-height);--awb-caption-title-letter-spacing:var(--h2_typography-letter-spacing);\"><span class=\" fusion-imageframe imageframe-none imageframe-20 hover-type-none\"><img decoding=\"async\" src=\"\/instituto\/assets\/img_ok\/d39fae5cfa1441d3bfdba0c86f723bb0.jpg\" alt class=\"img-responsive\"\/><\/span><\/div><\/div>\n<div class=\"table-2\">\n<div class=\"table-2\"><span class=\"person-name\" style=\"color: #000000;\">Dr. Nicol\u00e1s Chiarad\u00eda <\/span><\/div>\n<div class=\"table-2\"><div class=\"fusion-image-element \" style=\"--awb-caption-title-font-family:var(--h2_typography-font-family);--awb-caption-title-font-weight:var(--h2_typography-font-weight);--awb-caption-title-font-style:var(--h2_typography-font-style);--awb-caption-title-size:var(--h2_typography-font-size);--awb-caption-title-transform:var(--h2_typography-text-transform);--awb-caption-title-line-height:var(--h2_typography-line-height);--awb-caption-title-letter-spacing:var(--h2_typography-letter-spacing);\"><span class=\" fusion-imageframe imageframe-none imageframe-21 hover-type-none\"><a class=\"fusion-no-lightbox\" href=\"mailto:chiaradianicolasmariano@gmail.com\" target=\"_self\" aria-label=\"sobre\"><img decoding=\"async\" width=\"20\" height=\"14\" src=\"https:\/\/www.iimyc.gob.ar\/iimyc\/wp-content\/uploads\/2017\/04\/sobre.png\" alt class=\"img-responsive wp-image-348\"\/><\/a><\/span><\/div><\/div>\n<\/div>\n<\/td>\n<td align=\"left\">CPA CONICET T\u00e9cnico Asociado<\/td>\n<\/tr>\n<tr>\n<td align=\"left\">\n<div class=\"table-2\"><div class=\"fusion-image-element \" style=\"--awb-max-width:100px;--awb-caption-title-font-family:var(--h2_typography-font-family);--awb-caption-title-font-weight:var(--h2_typography-font-weight);--awb-caption-title-font-style:var(--h2_typography-font-style);--awb-caption-title-size:var(--h2_typography-font-size);--awb-caption-title-transform:var(--h2_typography-text-transform);--awb-caption-title-line-height:var(--h2_typography-line-height);--awb-caption-title-letter-spacing:var(--h2_typography-letter-spacing);\"><span class=\" fusion-imageframe imageframe-none imageframe-22 hover-type-none\"><img decoding=\"async\" src=\"\/instituto\/assets\/img_ok\/6d414b2be7194b3c988428e44374f7f3.jpeg\" alt class=\"img-responsive\"\/><\/span><\/div><\/div>\n<div class=\"table-2\"><span class=\"person-name\" style=\"color: #000000;\">Lic. Aylen Mar\u00eda De Prinzio<\/span><\/div>\n<div class=\"table-2\"><div class=\"fusion-image-element \" style=\"--awb-caption-title-font-family:var(--h2_typography-font-family);--awb-caption-title-font-weight:var(--h2_typography-font-weight);--awb-caption-title-font-style:var(--h2_typography-font-style);--awb-caption-title-size:var(--h2_typography-font-size);--awb-caption-title-transform:var(--h2_typography-text-transform);--awb-caption-title-line-height:var(--h2_typography-line-height);--awb-caption-title-letter-spacing:var(--h2_typography-letter-spacing);\"><span class=\" fusion-imageframe imageframe-none imageframe-23 hover-type-none\"><a class=\"fusion-no-lightbox\" href=\"mailto:adeprinzio@mdp.edu.ar\" target=\"_self\" aria-label=\"sobre\"><img decoding=\"async\" width=\"20\" height=\"14\" src=\"https:\/\/www.iimyc.gob.ar\/iimyc\/wp-content\/uploads\/2017\/04\/sobre.png\" alt class=\"img-responsive wp-image-348\"\/><\/a><\/span><\/div><\/div>\n<\/td>\n<td align=\"left\">Becaria Doctoral &#8211; CONICET<\/td>\n<\/tr>\n<\/tbody>\n<\/table>\n<\/div>\n<\/div><\/div><\/div><\/div>\n","protected":false},"excerpt":{"rendered":"","protected":false},"author":1,"featured_media":0,"parent":41,"menu_order":0,"comment_status":"closed","ping_status":"closed","template":"","meta":{"footnotes":""},"class_list":["post-54","page","type-page","status-publish","hentry"],"_links":{"self":[{"href":"https:\/\/www.iimyc.gob.ar\/iimyc\/wp-json\/wp\/v2\/pages\/54","targetHints":{"allow":["GET"]}}],"collection":[{"href":"https:\/\/www.iimyc.gob.ar\/iimyc\/wp-json\/wp\/v2\/pages"}],"about":[{"href":"https:\/\/www.iimyc.gob.ar\/iimyc\/wp-json\/wp\/v2\/types\/page"}],"author":[{"embeddable":true,"href":"https:\/\/www.iimyc.gob.ar\/iimyc\/wp-json\/wp\/v2\/users\/1"}],"replies":[{"embeddable":true,"href":"https:\/\/www.iimyc.gob.ar\/iimyc\/wp-json\/wp\/v2\/comments?post=54"}],"version-history":[{"count":87,"href":"https:\/\/www.iimyc.gob.ar\/iimyc\/wp-json\/wp\/v2\/pages\/54\/revisions"}],"predecessor-version":[{"id":6202,"href":"https:\/\/www.iimyc.gob.ar\/iimyc\/wp-json\/wp\/v2\/pages\/54\/revisions\/6202"}],"up":[{"embeddable":true,"href":"https:\/\/www.iimyc.gob.ar\/iimyc\/wp-json\/wp\/v2\/pages\/41"}],"wp:attachment":[{"href":"https:\/\/www.iimyc.gob.ar\/iimyc\/wp-json\/wp\/v2\/media?parent=54"}],"curies":[{"name":"wp","href":"https:\/\/api.w.org\/{rel}","templated":true}]}}