{"id":5914,"date":"2024-10-01T20:23:37","date_gmt":"2024-10-01T23:23:37","guid":{"rendered":"https:\/\/www.iimyc.gob.ar\/iimyc\/?page_id=5914"},"modified":"2024-10-01T20:41:55","modified_gmt":"2024-10-01T23:41:55","slug":"insercion","status":"publish","type":"page","link":"https:\/\/www.iimyc.gob.ar\/iimyc\/es\/institucional\/insercion\/","title":{"rendered":""},"content":{"rendered":"<div class=\"fusion-fullwidth fullwidth-box fusion-builder-row-1 nonhundred-percent-fullwidth non-hundred-percent-height-scrolling\" style=\"--awb-border-radius-top-left:0px;--awb-border-radius-top-right:0px;--awb-border-radius-bottom-right:0px;--awb-border-radius-bottom-left:0px;--awb-flex-wrap:wrap;\" ><div class=\"fusion-builder-row fusion-row\"><div class=\"fusion-layout-column fusion_builder_column fusion-builder-column-0 fusion_builder_column_1_1 1_1 fusion-one-full fusion-column-first fusion-column-last\" style=\"--awb-bg-size:cover;--awb-margin-bottom:0px;\"><div class=\"fusion-column-wrapper fusion-flex-column-wrapper-legacy\"><div class=\"fusion-title title fusion-title-1 fusion-title-center fusion-title-text fusion-title-size-one\" style=\"--awb-text-color:var(--awb-color6);--awb-margin-top-small:0px;--awb-margin-right-small:0px;--awb-margin-bottom-small:20px;--awb-margin-left-small:0px;\"><div class=\"title-sep-container title-sep-container-left\"><div class=\"title-sep sep-double sep-solid\" style=\"border-color:#e0dede;\"><\/div><\/div><span class=\"awb-title-spacer\"><\/span><h1 class=\"fusion-title-heading title-heading-center\" style=\"margin:0;\">Inserci\u00f3n del personal del IIMyC en organismos acad\u00e9micos, cient\u00edficos y t\u00e9cnicos nacionales e internacionales:<\/h1><span class=\"awb-title-spacer\"><\/span><div class=\"title-sep-container title-sep-container-right\"><div class=\"title-sep sep-double sep-solid\" style=\"border-color:#e0dede;\"><\/div><\/div><\/div><div class=\"fusion-text fusion-text-1\"><p>Los agentes del IIMyC participan muy activamente en una variedad de organismos locales, regionales, nacionales e internacionales acad\u00e9micos y cient\u00edficos. Esto hace que el Instituto a trav\u00e9s de sus integrantes tiene una participaci\u00f3n importante en el sistema acad\u00e9mico y cient\u00edfico en muchos niveles de decisi\u00f3n, contribuyendo activamente a su funcionamiento. Una recopilaci\u00f3n de las posiciones actuales que los agentes ocupan resulta en 130 casos, distribuidos en distintas categor\u00edas:<\/p>\n<\/div><div class=\"fusion-image-element fusion-image-align-center in-legacy-container\" style=\"text-align:center;--awb-caption-title-font-family:var(--h2_typography-font-family);--awb-caption-title-font-weight:var(--h2_typography-font-weight);--awb-caption-title-font-style:var(--h2_typography-font-style);--awb-caption-title-size:var(--h2_typography-font-size);--awb-caption-title-transform:var(--h2_typography-text-transform);--awb-caption-title-line-height:var(--h2_typography-line-height);--awb-caption-title-letter-spacing:var(--h2_typography-letter-spacing);\"><div class=\"imageframe-align-center\"><span class=\" fusion-imageframe imageframe-none imageframe-1 hover-type-none\"><a class=\"fusion-no-lightbox\" href=\"https:\/\/www.iimyc.gob.ar\/iimyc\/wp-content\/uploads\/2024\/10\/grafico_insercion.png\" target=\"_self\"><img decoding=\"async\" width=\"887\" height=\"677\" alt=\"Inserci\u00f3n del personal del IIMyC en organismos acad\u00e9micos, cient\u00edficos y t\u00e9cnicos nacionales e internacionales\" src=\"https:\/\/www.iimyc.gob.ar\/iimyc\/wp-content\/uploads\/2024\/10\/grafico_insercion.png\" class=\"img-responsive wp-image-5916\" srcset=\"https:\/\/www.iimyc.gob.ar\/iimyc\/wp-content\/uploads\/2024\/10\/grafico_insercion-200x153.png 200w, https:\/\/www.iimyc.gob.ar\/iimyc\/wp-content\/uploads\/2024\/10\/grafico_insercion-400x305.png 400w, https:\/\/www.iimyc.gob.ar\/iimyc\/wp-content\/uploads\/2024\/10\/grafico_insercion-600x458.png 600w, https:\/\/www.iimyc.gob.ar\/iimyc\/wp-content\/uploads\/2024\/10\/grafico_insercion-800x611.png 800w, https:\/\/www.iimyc.gob.ar\/iimyc\/wp-content\/uploads\/2024\/10\/grafico_insercion.png 887w\" sizes=\"(max-width: 800px) 100vw, 887px\" \/><\/a><\/span><\/div><\/div><div class=\"fusion-text fusion-text-2\"><\/div><div class=\"fusion-text fusion-text-3\"><p>Desde <a href=\"https:\/\/www.iimyc.gob.ar\/iimyc\/wp-content\/uploads\/2024\/10\/Insercion-de-personal-del-IIMyC-en-organismos-nacionales-e-internacionales.pdf\">aqu\u00ed<\/a> se puede acceder al listado completo de los miembros del IIMyC y sus posiciones<\/p>\n<\/div><div class=\"fusion-clearfix\"><\/div><\/div><\/div><\/div><\/div>\n","protected":false},"excerpt":{"rendered":"","protected":false},"author":1,"featured_media":0,"parent":41,"menu_order":0,"comment_status":"closed","ping_status":"closed","template":"","meta":{"footnotes":""},"class_list":["post-5914","page","type-page","status-publish","hentry"],"_links":{"self":[{"href":"https:\/\/www.iimyc.gob.ar\/iimyc\/wp-json\/wp\/v2\/pages\/5914","targetHints":{"allow":["GET"]}}],"collection":[{"href":"https:\/\/www.iimyc.gob.ar\/iimyc\/wp-json\/wp\/v2\/pages"}],"about":[{"href":"https:\/\/www.iimyc.gob.ar\/iimyc\/wp-json\/wp\/v2\/types\/page"}],"author":[{"embeddable":true,"href":"https:\/\/www.iimyc.gob.ar\/iimyc\/wp-json\/wp\/v2\/users\/1"}],"replies":[{"embeddable":true,"href":"https:\/\/www.iimyc.gob.ar\/iimyc\/wp-json\/wp\/v2\/comments?post=5914"}],"version-history":[{"count":12,"href":"https:\/\/www.iimyc.gob.ar\/iimyc\/wp-json\/wp\/v2\/pages\/5914\/revisions"}],"predecessor-version":[{"id":5930,"href":"https:\/\/www.iimyc.gob.ar\/iimyc\/wp-json\/wp\/v2\/pages\/5914\/revisions\/5930"}],"up":[{"embeddable":true,"href":"https:\/\/www.iimyc.gob.ar\/iimyc\/wp-json\/wp\/v2\/pages\/41"}],"wp:attachment":[{"href":"https:\/\/www.iimyc.gob.ar\/iimyc\/wp-json\/wp\/v2\/media?parent=5914"}],"curies":[{"name":"wp","href":"https:\/\/api.w.org\/{rel}","templated":true}]}}