{"id":8,"date":"2017-02-15T16:26:03","date_gmt":"2017-02-15T16:26:03","guid":{"rendered":"http:\/\/www.iimyc.gob.ar\/iimyc\/?page_id=8"},"modified":"2024-07-10T10:00:27","modified_gmt":"2024-07-10T13:00:27","slug":"instituto-de-investigaciones-marinas-y-costeras","status":"publish","type":"page","link":"https:\/\/www.iimyc.gob.ar\/iimyc\/es\/instituto-de-investigaciones-marinas-y-costeras\/","title":{"rendered":"Instituto de Investigaciones Marinas y Costeras"},"content":{"rendered":"<div class=\"fusion-fullwidth fullwidth-box fusion-builder-row-1 nonhundred-percent-fullwidth non-hundred-percent-height-scrolling\" style=\"--awb-border-radius-top-left:0px;--awb-border-radius-top-right:0px;--awb-border-radius-bottom-right:0px;--awb-border-radius-bottom-left:0px;--awb-padding-top:20px;--awb-padding-bottom:20px;--awb-flex-wrap:wrap;\" ><div class=\"fusion-builder-row fusion-row\"><div class=\"fusion-layout-column fusion_builder_column fusion-builder-column-0 fusion_builder_column_1_1 1_1 fusion-one-full fusion-column-first fusion-column-last\" style=\"--awb-bg-size:cover;\"><div class=\"fusion-column-wrapper fusion-flex-column-wrapper-legacy\"><div class=\"fusion-text fusion-text-1\">\n<\/div><div class=\"fusion-content-boxes content-boxes columns row fusion-columns-4 fusion-columns-total-4 fusion-content-boxes-1 content-boxes-clean-vertical content-left content-boxes-icon-on-top\" style=\"--awb-backgroundcolor:#0064c8;--awb-body-color:#ffffff;--awb-title-color:#ffffff;--awb-iconcolor:#ffffff;--awb-margin-top:5px;--awb-margin-bottom:5px;--awb-hover-accent-color:#000000;--awb-circle-hover-accent-color:#000000;\" data-animationOffset=\"top-into-view\"><div style=\"--awb-backgroundcolor:#0064c8;--awb-iconcolor:#ffffff;border-color:rgba(255,255,255,0);\" class=\"fusion-column content-box-column content-box-column content-box-column-1 col-lg-3 col-md-3 col-sm-3 fusion-content-box-hover content-box-column-first-in-row\"><div class=\"col content-box-wrapper content-wrapper-background link-area-box link-type-button-bar content-icon-wrapper-yes icon-hover-animation-fade\" data-link=\"institucional\" data-link-target=\"_self\" data-animationOffset=\"top-into-view\"><div class=\"heading heading-with-icon icon-left\"><a class=\"heading-link\" href=\"institucional\" target=\"_self\"><div class=\"icon\"><span style=\"height:62px;width:62px;line-height:32px;border-color:rgba(255,255,255,0);border-width:1px;border-style:solid;background-color:#ffffff;box-sizing:content-box;border-radius:50%;\"><i style=\"border-color:#ffffff;border-width:1px;background-color:#bfbfbf;box-sizing:content-box;height:60px;width:60px;line-height:60px;border-radius:50%;position:relative;top:auto;left:auto;margin:0;border-radius:50%;font-size:30px;\" aria-hidden=\"true\" class=\"fontawesome-icon fa fa-building-o circle-yes\"><\/i><\/span><\/div><h2 class=\"content-box-heading\" style=\"--h2_typography-font-size:16px;line-height:21px;\">Institucional<\/h2><\/a><\/div><\/div><\/div><div style=\"--awb-backgroundcolor:#0064c8;--awb-iconcolor:#ffffff;border-color:rgba(255,255,255,0);\" class=\"fusion-column content-box-column content-box-column content-box-column-2 col-lg-3 col-md-3 col-sm-3 fusion-content-box-hover \"><div class=\"col content-box-wrapper content-wrapper-background link-area-box link-type-button-bar content-icon-wrapper-yes icon-hover-animation-fade\" data-link=\"grupos-de-investigacion\" data-link-target=\"_self\" data-animationOffset=\"top-into-view\"><div class=\"heading heading-with-icon icon-left\"><a class=\"heading-link\" href=\"grupos-de-investigacion\" target=\"_self\"><div class=\"icon\"><span style=\"height:62px;width:62px;line-height:32px;border-color:rgba(255,255,255,0);border-width:1px;border-style:solid;background-color:#ffffff;box-sizing:content-box;border-radius:50%;\"><i style=\"border-color:#ffffff;border-width:1px;background-color:#bfbfbf;box-sizing:content-box;height:60px;width:60px;line-height:60px;border-radius:50%;position:relative;top:auto;left:auto;margin:0;border-radius:50%;font-size:30px;\" aria-hidden=\"true\" class=\"fontawesome-icon fa fa-cogs circle-yes\"><\/i><\/span><\/div><h2 class=\"content-box-heading\" style=\"--h2_typography-font-size:16px;line-height:21px;\">Grupos de Investigaci\u00f3n<\/h2><\/a><\/div><\/div><\/div><div style=\"--awb-backgroundcolor:#0064c8;--awb-iconcolor:#ffffff;border-color:rgba(255,255,255,0);\" class=\"fusion-column content-box-column content-box-column content-box-column-3 col-lg-3 col-md-3 col-sm-3 fusion-content-box-hover \"><div class=\"col content-box-wrapper content-wrapper-background link-area-box link-type-button-bar content-icon-wrapper-yes icon-hover-animation-fade\" data-link=\"publicaciones-informes\" data-link-target=\"_self\" data-animationOffset=\"top-into-view\"><div class=\"heading heading-with-icon icon-left\"><a class=\"heading-link\" href=\"publicaciones-informes\" target=\"_self\"><div class=\"icon\"><span style=\"height:62px;width:62px;line-height:32px;border-color:rgba(255,255,255,0);border-width:1px;border-style:solid;background-color:#ffffff;box-sizing:content-box;border-radius:50%;\"><i style=\"border-color:#ffffff;border-width:1px;background-color:#bfbfbf;box-sizing:content-box;height:60px;width:60px;line-height:60px;border-radius:50%;position:relative;top:auto;left:auto;margin:0;border-radius:50%;font-size:30px;\" aria-hidden=\"true\" class=\"fontawesome-icon fa-copy far circle-yes\"><\/i><\/span><\/div><h2 class=\"content-box-heading\" style=\"--h2_typography-font-size:16px;line-height:21px;\">Publicaciones<\/h2><\/a><\/div><\/div><\/div><div style=\"--awb-backgroundcolor:#0064c8;--awb-iconcolor:#ffffff;border-color:rgba(255,255,255,0);\" class=\"fusion-column content-box-column content-box-column content-box-column-4 col-lg-3 col-md-3 col-sm-3 fusion-content-box-hover content-box-column-last content-box-column-last-in-row\"><div class=\"col content-box-wrapper content-wrapper-background link-area-box link-type-button-bar content-icon-wrapper-yes icon-hover-animation-fade\" data-link=\"iimyc-en-numeros\" data-link-target=\"_self\" data-animationOffset=\"top-into-view\"><div class=\"heading heading-with-icon icon-left\"><a class=\"heading-link\" href=\"iimyc-en-numeros\" target=\"_self\"><div class=\"icon\"><span style=\"height:62px;width:62px;line-height:32px;border-color:rgba(255,255,255,0);border-width:1px;border-style:solid;background-color:#ffffff;box-sizing:content-box;border-radius:50%;\"><i style=\"border-color:#ffffff;border-width:1px;background-color:#bfbfbf;box-sizing:content-box;height:60px;width:60px;line-height:60px;border-radius:50%;position:relative;top:auto;left:auto;margin:0;border-radius:50%;font-size:30px;\" aria-hidden=\"true\" class=\"fontawesome-icon fa fa-bar-chart circle-yes\"><\/i><\/span><\/div><h2 class=\"content-box-heading\" style=\"--h2_typography-font-size:16px;line-height:21px;\">IIMyC en N\u00fameros<\/h2><\/a><\/div><\/div><\/div><div class=\"fusion-clearfix\"><\/div><\/div><div class=\"fusion-content-boxes content-boxes columns row fusion-columns-2 fusion-columns-total-2 fusion-content-boxes-2 content-boxes-clean-vertical content-left content-boxes-icon-on-top\" style=\"--awb-backgroundcolor:#0064c8;--awb-body-color:#ffffff;--awb-title-color:#ffffff;--awb-iconcolor:#ffffff;--awb-margin-top:5px;--awb-margin-bottom:5px;--awb-hover-accent-color:#000000;--awb-circle-hover-accent-color:#000000;\" data-animationOffset=\"top-into-view\"><div style=\"--awb-backgroundcolor:#0064c8;--awb-iconcolor:#ffffff;border-color:rgba(255,255,255,0);\" class=\"fusion-column content-box-column content-box-column content-box-column-1 col-lg-6 col-md-6 col-sm-6 fusion-content-box-hover content-box-column-first-in-row\"><div class=\"col content-box-wrapper content-wrapper-background link-area-box link-type-button-bar content-icon-wrapper-yes icon-hover-animation-fade\" data-link=\"https:\/\/www.iimyc.gob.ar\/iimyc\/wp-content\/uploads\/2023\/08\/La-inversion-publica-en-ciencia-y-tecnologia-en-Argentina-La-insercion-del-IIMyC.pdf\" data-link-target=\"_self\" data-animationOffset=\"top-into-view\"><div class=\"heading heading-with-icon icon-left\"><a class=\"heading-link\" href=\"https:\/\/www.iimyc.gob.ar\/iimyc\/wp-content\/uploads\/2023\/08\/La-inversion-publica-en-ciencia-y-tecnologia-en-Argentina-La-insercion-del-IIMyC.pdf\" target=\"_self\"><div class=\"icon\"><span style=\"height:62px;width:62px;line-height:32px;border-color:rgba(255,255,255,0);border-width:1px;border-style:solid;background-color:#ffffff;box-sizing:content-box;border-radius:50%;\"><i style=\"border-color:#ffffff;border-width:1px;background-color:#bfbfbf;box-sizing:content-box;height:60px;width:60px;line-height:60px;border-radius:50%;position:relative;top:auto;left:auto;margin:0;border-radius:50%;font-size:30px;\" aria-hidden=\"true\" class=\"fontawesome-icon fa-bookmark far circle-yes\"><\/i><\/span><\/div><h2 class=\"content-box-heading\" style=\"--h2_typography-font-size:16px;line-height:21px;\">La inversion p\u00fablica en ciencia y tecnolog\u00eda en Argentina. La inserci\u00f3n del IIMyC<\/h2><\/a><\/div><\/div><\/div><div style=\"--awb-backgroundcolor:#0064c8;--awb-iconcolor:#ffffff;border-color:rgba(255,255,255,0);\" class=\"fusion-column content-box-column content-box-column content-box-column-2 col-lg-6 col-md-6 col-sm-6 fusion-content-box-hover content-box-column-last content-box-column-last-in-row\"><div class=\"col content-box-wrapper content-wrapper-background link-area-box link-type-button-bar content-icon-wrapper-yes icon-hover-animation-fade\" data-link=\"https:\/\/www.iimyc.gob.ar\/iimyc\/wp-content\/uploads\/2023\/09\/Vision-del-IIMyC-sobre-el-acceso-a-los-datos-cientificos-publicos.pdf\" data-link-target=\"_self\" data-animationOffset=\"top-into-view\"><div class=\"heading heading-with-icon icon-left\"><a class=\"heading-link\" href=\"https:\/\/www.iimyc.gob.ar\/iimyc\/wp-content\/uploads\/2023\/09\/Vision-del-IIMyC-sobre-el-acceso-a-los-datos-cientificos-publicos.pdf\" target=\"_self\"><div class=\"icon\"><span style=\"height:62px;width:62px;line-height:32px;border-color:rgba(255,255,255,0);border-width:1px;border-style:solid;background-color:#ffffff;box-sizing:content-box;border-radius:50%;\"><i style=\"border-color:#ffffff;border-width:1px;background-color:#bfbfbf;box-sizing:content-box;height:60px;width:60px;line-height:60px;border-radius:50%;position:relative;top:auto;left:auto;margin:0;border-radius:50%;font-size:30px;\" aria-hidden=\"true\" class=\"fontawesome-icon fa-bookmark far circle-yes\"><\/i><\/span><\/div><h2 class=\"content-box-heading\" style=\"--h2_typography-font-size:16px;line-height:21px;\">Visi\u00f3n del IIMyC sobre el acceso a los datos cient\u00edficos p\u00fablicos<\/h2><\/a><\/div><\/div><\/div><div class=\"fusion-clearfix\"><\/div><\/div><div class=\"fusion-clearfix\"><\/div><\/div><\/div><div class=\"fusion-layout-column fusion_builder_column fusion-builder-column-1 fusion_builder_column_1_1 1_1 fusion-one-full fusion-column-first fusion-column-last\" style=\"--awb-bg-size:cover;\"><div class=\"fusion-column-wrapper fusion-flex-column-wrapper-legacy\">\t\t\t\t\t<div class=\"fusion-slider-container fusion-slider-sc-novedades fusion-slider-14 full-width-slider\" style=\"height:250px; max-width:100%;\" data-id=\"14\" data-full_height=\"\">\n\t\t\t\t\t\t<style type=\"text\/css\">.fusion-slider-14 .flex-direction-nav a {width:63px;height:63px;line-height:63px;font-size:25px;}<\/style>\t\t\t\t\t\t<div class=\"fusion-slider-loading\">Cargando...<\/div>\n\t\t\t\t\t\t<div class=\"tfs-slider flexslider main-flex full-width-slider\" data-slider_width=\"100%\" data-slider_height=\"250px\" data-full_screen=\"0\" data-parallax=\"0\" data-nav_arrows=\"1\" data-nav_box_width=\"63px\" data-nav_box_height=\"63px\" data-nav_arrow_size=\"25px\" data-pagination_circles=\"1\" data-autoplay=\"1\" data-loop=\"1\" data-animation=\"fade\" data-slideshow_speed=\"5000\" data-animation_speed=\"600\" data-typo_sensitivity=\"1\" data-typo_factor=\"1.5\" style=\"max-width:100%;\">\n\t\t\t\t\t\t\t<ul class=\"slides\">\n\t\t\t\t\t\t\t\t\t\t\t\t\t\t\t\t\t<li data-mute=\"yes\" data-loop=\"yes\" data-autoplay=\"yes\">\n\t\t\t\t\t\t\t\t\t\t<div class=\"slide-content-container slide-content-left\" style=\"display: none;\">\n\t\t\t\t\t\t\t\t\t\t\t<div class=\"slide-content\" style=\"\">\n\t\t\t\t\t\t\t\t\t\t\t\t\t\t\t\t\t\t\t\t\t\t\t\t\t\t\t\t\t\t\t\t\t\t\t\t\t\t\t\t\t\t\t\t\t\t\t<\/div>\n\t\t\t\t\t\t\t\t\t\t<\/div>\n\t\t\t\t\t\t\t\t\t\t\t\t\t\t\t\t\t\t\t\t\t\t\t\t\t\t\t\t\t\t\t\t\t\t\t\t\t\t\t\t<div class=\"background background-image\" style=\"background-image: url(https:\/\/www.iimyc.gob.ar\/iimyc\/wp-content\/uploads\/2017\/06\/Atardecer-3_ISACCH-JP.jpg);max-width:100%;height:250px;filter: progid:DXImageTransform.Microsoft.AlphaImageLoader(src='https:\/\/www.iimyc.gob.ar\/iimyc\/wp-content\/uploads\/2017\/06\/Atardecer-3_ISACCH-JP.jpg', sizingMethod='scale');\" data-imgwidth=\"2240\">\n\t\t\t\t\t\t\t\t\t\t\t\t\t\t\t\t\t\t\t\t\t\t\t\t\t\t\t\t\t\t\t\t\t\t\t\t\t\t\t\t\t\t\t\t\t\t\t\t\t\t\t\t\t\t\t\t\t\t\t\t\t\t\t\t\t\t<\/div>\n\t\t\t\t\t\t\t\t\t<\/li>\n\t\t\t\t\t\t\t\t\t\t\t\t\t\t\t\t\t<li data-mute=\"yes\" data-loop=\"yes\" data-autoplay=\"yes\">\n\t\t\t\t\t\t\t\t\t\t<div class=\"slide-content-container slide-content-left\" style=\"display: none;\">\n\t\t\t\t\t\t\t\t\t\t\t<div class=\"slide-content\" style=\"\">\n\t\t\t\t\t\t\t\t\t\t\t\t\t\t\t\t\t\t\t\t\t\t\t\t\t\t\t\t\t\t\t\t\t\t\t\t\t\t\t\t\t\t\t\t\t\t\t<\/div>\n\t\t\t\t\t\t\t\t\t\t<\/div>\n\t\t\t\t\t\t\t\t\t\t\t\t\t\t\t\t\t\t\t\t\t\t\t\t\t\t\t\t\t\t\t\t\t\t\t\t\t\t\t\t<div class=\"background background-image\" style=\"background-image: url(https:\/\/www.iimyc.gob.ar\/iimyc\/wp-content\/uploads\/2017\/06\/Rayadores-bandada_ISACCH-JP.jpg);max-width:100%;height:250px;filter: progid:DXImageTransform.Microsoft.AlphaImageLoader(src='https:\/\/www.iimyc.gob.ar\/iimyc\/wp-content\/uploads\/2017\/06\/Rayadores-bandada_ISACCH-JP.jpg', sizingMethod='scale');\" data-imgwidth=\"2240\">\n\t\t\t\t\t\t\t\t\t\t\t\t\t\t\t\t\t\t\t\t\t\t\t\t\t\t\t\t\t\t\t\t\t\t\t\t\t\t\t\t\t\t\t\t\t\t\t\t\t\t\t\t\t\t\t\t\t\t\t\t\t\t\t\t\t\t<\/div>\n\t\t\t\t\t\t\t\t\t<\/li>\n\t\t\t\t\t\t\t\t\t\t\t\t\t\t\t\t\t<li data-mute=\"yes\" data-loop=\"yes\" data-autoplay=\"yes\">\n\t\t\t\t\t\t\t\t\t\t<div class=\"slide-content-container slide-content-left\" style=\"display: none;\">\n\t\t\t\t\t\t\t\t\t\t\t<div class=\"slide-content\" style=\"\">\n\t\t\t\t\t\t\t\t\t\t\t\t\t\t\t\t\t\t\t\t\t\t\t\t\t\t\t\t\t\t\t\t\t\t\t\t\t\t\t\t\t\t\t\t\t\t\t<\/div>\n\t\t\t\t\t\t\t\t\t\t<\/div>\n\t\t\t\t\t\t\t\t\t\t\t\t\t\t\t\t\t\t\t\t\t\t\t\t\t\t\t\t\t\t\t\t\t\t\t\t\t\t\t\t<div class=\"background background-image\" style=\"background-image: url(https:\/\/www.iimyc.gob.ar\/iimyc\/wp-content\/uploads\/2017\/06\/Costa-de-Laguna-Mar-Chiquita-3.-Foto-Mat\u00edas-G-Pretelli.jpg);max-width:100%;height:250px;filter: progid:DXImageTransform.Microsoft.AlphaImageLoader(src='https:\/\/www.iimyc.gob.ar\/iimyc\/wp-content\/uploads\/2017\/06\/Costa-de-Laguna-Mar-Chiquita-3.-Foto-Mat\u00edas-G-Pretelli.jpg', sizingMethod='scale');\" data-imgwidth=\"2128\">\n\t\t\t\t\t\t\t\t\t\t\t\t\t\t\t\t\t\t\t\t\t\t\t\t\t\t\t\t\t\t\t\t\t\t\t\t\t\t\t\t\t\t\t\t\t\t\t\t\t\t\t\t\t\t\t\t\t\t\t\t\t\t\t\t\t\t<\/div>\n\t\t\t\t\t\t\t\t\t<\/li>\n\t\t\t\t\t\t\t\t\t\t\t\t\t\t\t\t\t<li data-mute=\"yes\" data-loop=\"yes\" data-autoplay=\"yes\">\n\t\t\t\t\t\t\t\t\t\t<div class=\"slide-content-container slide-content-left\" style=\"display: none;\">\n\t\t\t\t\t\t\t\t\t\t\t<div class=\"slide-content\" style=\"\">\n\t\t\t\t\t\t\t\t\t\t\t\t\t\t\t\t\t\t\t\t\t\t\t\t\t\t\t\t\t\t\t\t\t\t\t\t\t\t\t\t\t\t\t\t\t\t\t<\/div>\n\t\t\t\t\t\t\t\t\t\t<\/div>\n\t\t\t\t\t\t\t\t\t\t\t\t\t\t\t\t\t\t\t\t\t\t\t\t\t\t\t\t\t\t\t\t\t\t\t\t\t\t\t\t<div class=\"background background-image\" style=\"background-image: url(https:\/\/www.iimyc.gob.ar\/iimyc\/wp-content\/uploads\/2017\/03\/foto-T1.jpg);max-width:100%;height:250px;filter: progid:DXImageTransform.Microsoft.AlphaImageLoader(src='https:\/\/www.iimyc.gob.ar\/iimyc\/wp-content\/uploads\/2017\/03\/foto-T1.jpg', sizingMethod='scale');\" data-imgwidth=\"912\">\n\t\t\t\t\t\t\t\t\t\t\t\t\t\t\t\t\t\t\t\t\t\t\t\t\t\t\t\t\t\t\t\t\t\t\t\t\t\t\t\t\t\t\t\t\t\t\t\t\t\t\t\t\t\t\t\t\t\t\t\t\t\t\t\t\t\t<\/div>\n\t\t\t\t\t\t\t\t\t<\/li>\n\t\t\t\t\t\t\t\t\t\t\t\t\t\t\t\t\t<li data-mute=\"yes\" data-loop=\"yes\" data-autoplay=\"yes\">\n\t\t\t\t\t\t\t\t\t\t<div class=\"slide-content-container slide-content-left\" style=\"display: none;\">\n\t\t\t\t\t\t\t\t\t\t\t<div class=\"slide-content\" style=\"\">\n\t\t\t\t\t\t\t\t\t\t\t\t\t\t\t\t\t\t\t\t\t\t\t\t\t\t\t\t\t\t\t\t\t\t\t\t\t\t\t\t\t\t\t\t\t\t\t<\/div>\n\t\t\t\t\t\t\t\t\t\t<\/div>\n\t\t\t\t\t\t\t\t\t\t\t\t\t\t\t\t\t\t\t\t\t\t\t\t\t\t\t\t\t\t\t\t\t\t\t\t\t\t\t\t<div class=\"background background-image\" style=\"background-image: url(https:\/\/www.iimyc.gob.ar\/iimyc\/wp-content\/uploads\/2017\/03\/foto-T2.jpg);max-width:100%;height:250px;filter: progid:DXImageTransform.Microsoft.AlphaImageLoader(src='https:\/\/www.iimyc.gob.ar\/iimyc\/wp-content\/uploads\/2017\/03\/foto-T2.jpg', sizingMethod='scale');\" data-imgwidth=\"912\">\n\t\t\t\t\t\t\t\t\t\t\t\t\t\t\t\t\t\t\t\t\t\t\t\t\t\t\t\t\t\t\t\t\t\t\t\t\t\t\t\t\t\t\t\t\t\t\t\t\t\t\t\t\t\t\t\t\t\t\t\t\t\t\t\t\t\t<\/div>\n\t\t\t\t\t\t\t\t\t<\/li>\n\t\t\t\t\t\t\t\t\t\t\t\t\t\t\t\t\t<li data-mute=\"yes\" data-loop=\"yes\" data-autoplay=\"yes\">\n\t\t\t\t\t\t\t\t\t\t<div class=\"slide-content-container slide-content-left\" style=\"display: none;\">\n\t\t\t\t\t\t\t\t\t\t\t<div class=\"slide-content\" style=\"\">\n\t\t\t\t\t\t\t\t\t\t\t\t\t\t\t\t\t\t\t\t\t\t\t\t\t\t\t\t\t\t\t\t\t\t\t\t\t\t\t\t\t\t\t\t\t\t\t<\/div>\n\t\t\t\t\t\t\t\t\t\t<\/div>\n\t\t\t\t\t\t\t\t\t\t\t\t\t\t\t\t\t\t\t\t\t\t\t\t\t\t\t\t\t\t\t\t\t\t\t\t\t\t\t\t<div class=\"background background-image\" style=\"background-image: url(https:\/\/www.iimyc.gob.ar\/iimyc\/wp-content\/uploads\/2017\/03\/Foto-T3.jpg);max-width:100%;height:250px;filter: progid:DXImageTransform.Microsoft.AlphaImageLoader(src='https:\/\/www.iimyc.gob.ar\/iimyc\/wp-content\/uploads\/2017\/03\/Foto-T3.jpg', sizingMethod='scale');\" data-imgwidth=\"912\">\n\t\t\t\t\t\t\t\t\t\t\t\t\t\t\t\t\t\t\t\t\t\t\t\t\t\t\t\t\t\t\t\t\t\t\t\t\t\t\t\t\t\t\t\t\t\t\t\t\t\t\t\t\t\t\t\t\t\t\t\t\t\t\t\t\t\t<\/div>\n\t\t\t\t\t\t\t\t\t<\/li>\n\t\t\t\t\t\t\t\t\t\t\t\t\t\t\t\t\t\t\t\t\t\t\t<\/ul>\n\t\t\t\t\t\t<\/div>\n\t\t\t\t\t<\/div>\n\t\t\t\t\t\t\t\t<div class=\"fusion-clearfix\"><\/div><\/div><\/div><\/div><\/div>\n","protected":false},"excerpt":{"rendered":"","protected":false},"author":1,"featured_media":0,"parent":0,"menu_order":0,"comment_status":"closed","ping_status":"closed","template":"","meta":{"footnotes":""},"class_list":["post-8","page","type-page","status-publish","hentry"],"_links":{"self":[{"href":"https:\/\/www.iimyc.gob.ar\/iimyc\/wp-json\/wp\/v2\/pages\/8","targetHints":{"allow":["GET"]}}],"collection":[{"href":"https:\/\/www.iimyc.gob.ar\/iimyc\/wp-json\/wp\/v2\/pages"}],"about":[{"href":"https:\/\/www.iimyc.gob.ar\/iimyc\/wp-json\/wp\/v2\/types\/page"}],"author":[{"embeddable":true,"href":"https:\/\/www.iimyc.gob.ar\/iimyc\/wp-json\/wp\/v2\/users\/1"}],"replies":[{"embeddable":true,"href":"https:\/\/www.iimyc.gob.ar\/iimyc\/wp-json\/wp\/v2\/comments?post=8"}],"version-history":[{"count":113,"href":"https:\/\/www.iimyc.gob.ar\/iimyc\/wp-json\/wp\/v2\/pages\/8\/revisions"}],"predecessor-version":[{"id":5729,"href":"https:\/\/www.iimyc.gob.ar\/iimyc\/wp-json\/wp\/v2\/pages\/8\/revisions\/5729"}],"wp:attachment":[{"href":"https:\/\/www.iimyc.gob.ar\/iimyc\/wp-json\/wp\/v2\/media?parent=8"}],"curies":[{"name":"wp","href":"https:\/\/api.w.org\/{rel}","templated":true}]}}